{"id":10753,"date":"2020-03-20T13:18:53","date_gmt":"2020-03-20T13:18:53","guid":{"rendered":"https:\/\/new.srfb.be\/?post_type=product&#038;p=10753"},"modified":"2025-06-10T00:21:53","modified_gmt":"2025-06-09T22:21:53","slug":"traction-animale","status":"publish","type":"product","link":"https:\/\/staging.srfb.be\/de\/forest-shop\/traction-animale\/","title":{"rendered":"Tierische Zugkraft"},"content":{"rendered":"","protected":false},"excerpt":{"rendered":"<p>Tierische Zugkraft beim Holzr\u00fccken<br \/>\nHandbuch<br \/>\nDas Ziel dieses Handbuchs ist es, den Auftraggebern eine vollst\u00e4ndige Gebrauchsanweisung f\u00fcr diese Technik zur Verf\u00fcgung zu stellen. Derzeit ist der Einsatz von Zugtieren in der Forstwirtschaft noch wenig verbreitet. Ohne den Anspruch auf Vollst\u00e4ndigkeit zu erheben, stellt dieses Handbuch eine Bestandsaufnahme der rationalen Praktiken bei der Waldbewirtschaftung mit Zugtieren dar.<br \/>\n70 Seiten - 17 x 25 cm<\/p>","protected":false},"featured_media":10755,"comment_status":"open","ping_status":"closed","template":"","meta":{"iawp_total_views":7},"product_brand":[],"product_cat":[314],"product_tag":[],"class_list":{"0":"post-10753","1":"product","2":"type-product","3":"status-publish","4":"has-post-thumbnail","6":"product_cat-sylviculture","8":"first","9":"instock","10":"shipping-taxable","11":"purchasable","12":"product-type-simple"},"_links":{"self":[{"href":"https:\/\/staging.srfb.be\/de\/wp-json\/wp\/v2\/product\/10753","targetHints":{"allow":["GET"]}}],"collection":[{"href":"https:\/\/staging.srfb.be\/de\/wp-json\/wp\/v2\/product"}],"about":[{"href":"https:\/\/staging.srfb.be\/de\/wp-json\/wp\/v2\/types\/product"}],"replies":[{"embeddable":true,"href":"https:\/\/staging.srfb.be\/de\/wp-json\/wp\/v2\/comments?post=10753"}],"wp:featuredmedia":[{"embeddable":true,"href":"https:\/\/staging.srfb.be\/de\/wp-json\/wp\/v2\/media\/10755"}],"wp:attachment":[{"href":"https:\/\/staging.srfb.be\/de\/wp-json\/wp\/v2\/media?parent=10753"}],"wp:term":[{"taxonomy":"product_brand","embeddable":true,"href":"https:\/\/staging.srfb.be\/de\/wp-json\/wp\/v2\/product_brand?post=10753"},{"taxonomy":"product_cat","embeddable":true,"href":"https:\/\/staging.srfb.be\/de\/wp-json\/wp\/v2\/product_cat?post=10753"},{"taxonomy":"product_tag","embeddable":true,"href":"https:\/\/staging.srfb.be\/de\/wp-json\/wp\/v2\/product_tag?post=10753"}],"curies":[{"name":"wp","href":"https:\/\/api.w.org\/{rel}","templated":true}]}}