{"id":10744,"date":"2020-03-20T13:12:13","date_gmt":"2020-03-20T12:12:13","guid":{"rendered":"https:\/\/new.srfb.be\/?post_type=product&#038;p=10744"},"modified":"2025-12-19T11:07:02","modified_gmt":"2025-12-19T10:07:02","slug":"le-grand-livre-de-la-foret","status":"publish","type":"product","link":"https:\/\/staging.srfb.be\/de\/forest-shop\/le-grand-livre-de-la-foret\/","title":{"rendered":"Das gro\u00dfe Buch des Waldes!"},"content":{"rendered":"","protected":false},"excerpt":{"rendered":"<p>Bei einem Streifzug durch den Wald von gestern und heute f\u00fchrt Sie dieses Buch anhand von 97 Artikeln und Beilagen, die von 128 Autoren verfasst wurden, zu einem besseren Verst\u00e4ndnis dessen, was verbessert werden muss, damit unser Wald von morgen uns noch mehr in Staunen versetzt: von Mythen und Legenden bis zur Holztechnologie, vom Samenkorn bis zur mehrhundertj\u00e4hrigen Eiche, vom Lukank\u00e4fer bis zum Drachen<br \/>\nzum R\u00f6hren des Hirsches, vom F\u00f6rster bis zum zeitgen\u00f6ssischen Haus! Ob prominente Mitglieder von Universit\u00e4ten, Hochschulen, Beh\u00f6rden oder Verb\u00e4nden, Fotografen oder einfach nur Liebhaber - die besten Spezialisten auf ihrem Gebiet haben dazu beigetragen, Ihnen ein au\u00dfergew\u00f6hnliches Buch zu bieten.<br \/>\n22,5 x 28,5 cm, 496 Seiten<\/p>","protected":false},"featured_media":10745,"comment_status":"open","ping_status":"closed","template":"","meta":{"iawp_total_views":86},"product_brand":[],"product_cat":[314],"product_tag":[],"class_list":{"0":"post-10744","1":"product","2":"type-product","3":"status-publish","4":"has-post-thumbnail","6":"product_cat-sylviculture","8":"first","9":"instock","10":"shipping-taxable","11":"purchasable","12":"product-type-simple"},"_links":{"self":[{"href":"https:\/\/staging.srfb.be\/de\/wp-json\/wp\/v2\/product\/10744","targetHints":{"allow":["GET"]}}],"collection":[{"href":"https:\/\/staging.srfb.be\/de\/wp-json\/wp\/v2\/product"}],"about":[{"href":"https:\/\/staging.srfb.be\/de\/wp-json\/wp\/v2\/types\/product"}],"replies":[{"embeddable":true,"href":"https:\/\/staging.srfb.be\/de\/wp-json\/wp\/v2\/comments?post=10744"}],"wp:featuredmedia":[{"embeddable":true,"href":"https:\/\/staging.srfb.be\/de\/wp-json\/wp\/v2\/media\/10745"}],"wp:attachment":[{"href":"https:\/\/staging.srfb.be\/de\/wp-json\/wp\/v2\/media?parent=10744"}],"wp:term":[{"taxonomy":"product_brand","embeddable":true,"href":"https:\/\/staging.srfb.be\/de\/wp-json\/wp\/v2\/product_brand?post=10744"},{"taxonomy":"product_cat","embeddable":true,"href":"https:\/\/staging.srfb.be\/de\/wp-json\/wp\/v2\/product_cat?post=10744"},{"taxonomy":"product_tag","embeddable":true,"href":"https:\/\/staging.srfb.be\/de\/wp-json\/wp\/v2\/product_tag?post=10744"}],"curies":[{"name":"wp","href":"https:\/\/api.w.org\/{rel}","templated":true}]}}