{"id":10723,"date":"2020-03-20T12:51:12","date_gmt":"2020-03-20T11:51:12","guid":{"rendered":"https:\/\/new.srfb.be\/?post_type=product&#038;p=10723"},"modified":"2023-01-10T10:18:15","modified_gmt":"2023-01-10T09:18:15","slug":"la-foret","status":"publish","type":"product","link":"https:\/\/staging.srfb.be\/de\/forest-shop\/la-foret\/","title":{"rendered":"Der Wald"},"content":{"rendered":"","protected":false},"excerpt":{"rendered":"<p>F\u00fcr Praktiker ist es ein praktisches Handbuch, in dem alle aktuellen Probleme der Waldbewirtschaftung und -erhaltung auf sehr konkrete Weise behandelt werden. F\u00fcr Waldliebhaber ist es ein umfassender, klarer und attraktiver \u00dcberblick \u00fcber die wichtigsten modernen Erkenntnisse \u00fcber den Wald.<br \/>\n23 x 15 cm, 623 Seiten<\/p>","protected":false},"featured_media":10724,"comment_status":"open","ping_status":"closed","template":"","meta":{"iawp_total_views":12},"product_brand":[],"product_cat":[314],"product_tag":[],"class_list":{"0":"post-10723","1":"product","2":"type-product","3":"status-publish","4":"has-post-thumbnail","6":"product_cat-sylviculture","8":"first","9":"instock","10":"shipping-taxable","11":"purchasable","12":"product-type-simple"},"_links":{"self":[{"href":"https:\/\/staging.srfb.be\/de\/wp-json\/wp\/v2\/product\/10723","targetHints":{"allow":["GET"]}}],"collection":[{"href":"https:\/\/staging.srfb.be\/de\/wp-json\/wp\/v2\/product"}],"about":[{"href":"https:\/\/staging.srfb.be\/de\/wp-json\/wp\/v2\/types\/product"}],"replies":[{"embeddable":true,"href":"https:\/\/staging.srfb.be\/de\/wp-json\/wp\/v2\/comments?post=10723"}],"wp:featuredmedia":[{"embeddable":true,"href":"https:\/\/staging.srfb.be\/de\/wp-json\/wp\/v2\/media\/10724"}],"wp:attachment":[{"href":"https:\/\/staging.srfb.be\/de\/wp-json\/wp\/v2\/media?parent=10723"}],"wp:term":[{"taxonomy":"product_brand","embeddable":true,"href":"https:\/\/staging.srfb.be\/de\/wp-json\/wp\/v2\/product_brand?post=10723"},{"taxonomy":"product_cat","embeddable":true,"href":"https:\/\/staging.srfb.be\/de\/wp-json\/wp\/v2\/product_cat?post=10723"},{"taxonomy":"product_tag","embeddable":true,"href":"https:\/\/staging.srfb.be\/de\/wp-json\/wp\/v2\/product_tag?post=10723"}],"curies":[{"name":"wp","href":"https:\/\/api.w.org\/{rel}","templated":true}]}}