{"id":10711,"date":"2020-03-20T12:48:07","date_gmt":"2020-03-20T11:48:07","guid":{"rendered":"https:\/\/new.srfb.be\/?post_type=product&#038;p=10711"},"modified":"2024-11-18T17:04:03","modified_gmt":"2024-11-18T16:04:03","slug":"cervides-et-foret-retablir-une-harmonie","status":"publish","type":"product","link":"https:\/\/staging.srfb.be\/de\/forest-shop\/cervides-et-foret-retablir-une-harmonie\/","title":{"rendered":"Hirsche und Wald, Wiederherstellung der Harmonie"},"content":{"rendered":"","protected":false},"excerpt":{"rendered":"<p>Der Jagdplan ist ins Stocken geraten. Au\u00dfer Kontrolle geraten, sterilisieren Hirsche und Rehe einen gro\u00dfen Teil des franz\u00f6sischen Waldes. Was ist also zu tun? Den optimalen, nachhaltigen Ertrag von Pflanzenfressern und B\u00e4umen anstreben, anstatt ein utopisches sylvokulturelles Gleichgewicht herzustellen. Sich an Indikatoren orientieren, statt an fragw\u00fcrdigen Bestandsz\u00e4hlungen. Gesunde Rehe in einem sich verj\u00fcngenden Wald erhalten. Was das Rotwild betrifft, so ist es in m\u00e4\u00dfigen Dosen zu erhalten, um Sch\u00e4den zu verhindern.<br \/>\n26 x 24 cm, 144 Seiten<\/p>\n<p>Autorin:\u00a0<strong>Francis Roucher<br \/>\n<\/strong>Herausgeber : <strong>AgroParisTech<\/strong><\/p>","protected":false},"featured_media":10712,"comment_status":"open","ping_status":"closed","template":"","meta":{"iawp_total_views":12},"product_brand":[],"product_cat":[693],"product_tag":[],"class_list":{"0":"post-10711","1":"product","2":"type-product","3":"status-publish","4":"has-post-thumbnail","6":"product_cat-foret-gibier","8":"first","9":"instock","10":"shipping-taxable","11":"purchasable","12":"product-type-simple"},"_links":{"self":[{"href":"https:\/\/staging.srfb.be\/de\/wp-json\/wp\/v2\/product\/10711","targetHints":{"allow":["GET"]}}],"collection":[{"href":"https:\/\/staging.srfb.be\/de\/wp-json\/wp\/v2\/product"}],"about":[{"href":"https:\/\/staging.srfb.be\/de\/wp-json\/wp\/v2\/types\/product"}],"replies":[{"embeddable":true,"href":"https:\/\/staging.srfb.be\/de\/wp-json\/wp\/v2\/comments?post=10711"}],"wp:featuredmedia":[{"embeddable":true,"href":"https:\/\/staging.srfb.be\/de\/wp-json\/wp\/v2\/media\/10712"}],"wp:attachment":[{"href":"https:\/\/staging.srfb.be\/de\/wp-json\/wp\/v2\/media?parent=10711"}],"wp:term":[{"taxonomy":"product_brand","embeddable":true,"href":"https:\/\/staging.srfb.be\/de\/wp-json\/wp\/v2\/product_brand?post=10711"},{"taxonomy":"product_cat","embeddable":true,"href":"https:\/\/staging.srfb.be\/de\/wp-json\/wp\/v2\/product_cat?post=10711"},{"taxonomy":"product_tag","embeddable":true,"href":"https:\/\/staging.srfb.be\/de\/wp-json\/wp\/v2\/product_tag?post=10711"}],"curies":[{"name":"wp","href":"https:\/\/api.w.org\/{rel}","templated":true}]}}