{"id":10708,"date":"2020-03-19T17:02:33","date_gmt":"2020-03-19T16:02:33","guid":{"rendered":"https:\/\/new.srfb.be\/?post_type=product&#038;p=10708"},"modified":"2024-11-03T20:27:54","modified_gmt":"2024-11-03T19:27:54","slug":"gestion-forestiere-et-diversite-biologique","status":"publish","type":"product","link":"https:\/\/staging.srfb.be\/de\/forest-shop\/gestion-forestiere-et-diversite-biologique\/","title":{"rendered":"Waldbewirtschaftung und biologische Vielfalt"},"content":{"rendered":"","protected":false},"excerpt":{"rendered":"<p>Forstwirte, Techniker, Naturwissenschaftler, Lehrer und Studenten verf\u00fcgen nun \u00fcber ein Instrument zur Identifizierung von Waldlebensr\u00e4umen und Lebensr\u00e4umen, die mit dem Wald verbunden sind. Es handelt sich hier um ein hochwertiges Werk, das den Verwaltern von W\u00e4ldern und Naturgebieten die M\u00f6glichkeit bietet, ihr Management unter Ber\u00fccksichtigung des Prinzips der Erhaltung der biologischen Vielfalt zu gew\u00e4hrleisten.<\/p>\n<p><strong>26 x 23 cm, 120 Karteikarten<\/strong><\/p>","protected":false},"featured_media":10709,"comment_status":"open","ping_status":"closed","template":"","meta":{"iawp_total_views":73},"product_brand":[],"product_cat":[691,314],"product_tag":[],"class_list":{"0":"post-10708","1":"product","2":"type-product","3":"status-publish","4":"has-post-thumbnail","6":"product_cat-biodiversite","7":"product_cat-sylviculture","9":"first","10":"instock","11":"shipping-taxable","12":"purchasable","13":"product-type-simple"},"_links":{"self":[{"href":"https:\/\/staging.srfb.be\/de\/wp-json\/wp\/v2\/product\/10708","targetHints":{"allow":["GET"]}}],"collection":[{"href":"https:\/\/staging.srfb.be\/de\/wp-json\/wp\/v2\/product"}],"about":[{"href":"https:\/\/staging.srfb.be\/de\/wp-json\/wp\/v2\/types\/product"}],"replies":[{"embeddable":true,"href":"https:\/\/staging.srfb.be\/de\/wp-json\/wp\/v2\/comments?post=10708"}],"wp:featuredmedia":[{"embeddable":true,"href":"https:\/\/staging.srfb.be\/de\/wp-json\/wp\/v2\/media\/10709"}],"wp:attachment":[{"href":"https:\/\/staging.srfb.be\/de\/wp-json\/wp\/v2\/media?parent=10708"}],"wp:term":[{"taxonomy":"product_brand","embeddable":true,"href":"https:\/\/staging.srfb.be\/de\/wp-json\/wp\/v2\/product_brand?post=10708"},{"taxonomy":"product_cat","embeddable":true,"href":"https:\/\/staging.srfb.be\/de\/wp-json\/wp\/v2\/product_cat?post=10708"},{"taxonomy":"product_tag","embeddable":true,"href":"https:\/\/staging.srfb.be\/de\/wp-json\/wp\/v2\/product_tag?post=10708"}],"curies":[{"name":"wp","href":"https:\/\/api.w.org\/{rel}","templated":true}]}}