{"id":10705,"date":"2020-03-19T16:59:15","date_gmt":"2020-03-19T15:59:15","guid":{"rendered":"https:\/\/new.srfb.be\/?post_type=product&#038;p=10705"},"modified":"2026-01-08T23:50:44","modified_gmt":"2026-01-08T22:50:44","slug":"guide-de-dendrologie","status":"publish","type":"product","link":"https:\/\/staging.srfb.be\/de\/forest-shop\/guide-de-dendrologie\/","title":{"rendered":"Leitfaden zur Dendrologie"},"content":{"rendered":"","protected":false},"excerpt":{"rendered":"<p>Dieser Dendrologief\u00fchrer beschreibt 34 Nadelbaumarten und 119 Laubbaumarten von B\u00e4umen, Str\u00e4uchern und B\u00fcschen der franz\u00f6sischen W\u00e4lder. Der Text enth\u00e4lt eine m\u00f6glichst vollst\u00e4ndige morphologische Beschreibung. F\u00fcr jede Art werden Angaben zu ihrer \u00d6kologie, ihrer Verbreitung, den Pflanzengruppen und den Waldtypen, in denen sie vorkommt, gemacht. Zeichnungen illustrieren die Arten.<br \/>\n15 x 21 cm, 350 Seiten<\/p>","protected":false},"featured_media":10706,"comment_status":"open","ping_status":"closed","template":"","meta":{"iawp_total_views":169},"product_brand":[],"product_cat":[690,314],"product_tag":[],"class_list":{"0":"post-10705","1":"product","2":"type-product","3":"status-publish","4":"has-post-thumbnail","6":"product_cat-livres-illustres","7":"product_cat-sylviculture","9":"first","10":"instock","11":"shipping-taxable","12":"purchasable","13":"product-type-simple"},"_links":{"self":[{"href":"https:\/\/staging.srfb.be\/de\/wp-json\/wp\/v2\/product\/10705","targetHints":{"allow":["GET"]}}],"collection":[{"href":"https:\/\/staging.srfb.be\/de\/wp-json\/wp\/v2\/product"}],"about":[{"href":"https:\/\/staging.srfb.be\/de\/wp-json\/wp\/v2\/types\/product"}],"replies":[{"embeddable":true,"href":"https:\/\/staging.srfb.be\/de\/wp-json\/wp\/v2\/comments?post=10705"}],"wp:featuredmedia":[{"embeddable":true,"href":"https:\/\/staging.srfb.be\/de\/wp-json\/wp\/v2\/media\/10706"}],"wp:attachment":[{"href":"https:\/\/staging.srfb.be\/de\/wp-json\/wp\/v2\/media?parent=10705"}],"wp:term":[{"taxonomy":"product_brand","embeddable":true,"href":"https:\/\/staging.srfb.be\/de\/wp-json\/wp\/v2\/product_brand?post=10705"},{"taxonomy":"product_cat","embeddable":true,"href":"https:\/\/staging.srfb.be\/de\/wp-json\/wp\/v2\/product_cat?post=10705"},{"taxonomy":"product_tag","embeddable":true,"href":"https:\/\/staging.srfb.be\/de\/wp-json\/wp\/v2\/product_tag?post=10705"}],"curies":[{"name":"wp","href":"https:\/\/api.w.org\/{rel}","templated":true}]}}