{"id":10702,"date":"2020-03-19T16:57:22","date_gmt":"2020-03-19T16:57:22","guid":{"rendered":"https:\/\/new.srfb.be\/?post_type=product&#038;p=10702"},"modified":"2024-11-17T11:08:08","modified_gmt":"2024-11-17T10:08:08","slug":"bareme-de-poche","status":"publish","type":"product","link":"https:\/\/staging.srfb.be\/de\/forest-shop\/bareme-de-poche\/","title":{"rendered":"Taschenbarometer"},"content":{"rendered":"","protected":false},"excerpt":{"rendered":"<p>Mit dieser Taschenskala k\u00f6nnen Sie stehende B\u00e4ume, gef\u00e4llte B\u00e4ume oder auch zerlegtes Holz anhand des Umfangs, der H\u00f6he des Nachschnitts und der Entastung des Baumes schnell w\u00fcrfeln.<br \/>\n10 x 15 cm, 228 Seiten<\/p>\n<p>Autorin: <strong>Roger Piette<\/strong><\/p>","protected":false},"featured_media":10703,"comment_status":"open","ping_status":"closed","template":"","meta":{"iawp_total_views":83},"product_brand":[],"product_cat":[695],"product_tag":[],"class_list":{"0":"post-10702","1":"product","2":"type-product","3":"status-publish","4":"has-post-thumbnail","6":"product_cat-lexique","8":"first","9":"instock","10":"shipping-taxable","11":"purchasable","12":"product-type-simple"},"_links":{"self":[{"href":"https:\/\/staging.srfb.be\/de\/wp-json\/wp\/v2\/product\/10702","targetHints":{"allow":["GET"]}}],"collection":[{"href":"https:\/\/staging.srfb.be\/de\/wp-json\/wp\/v2\/product"}],"about":[{"href":"https:\/\/staging.srfb.be\/de\/wp-json\/wp\/v2\/types\/product"}],"replies":[{"embeddable":true,"href":"https:\/\/staging.srfb.be\/de\/wp-json\/wp\/v2\/comments?post=10702"}],"wp:featuredmedia":[{"embeddable":true,"href":"https:\/\/staging.srfb.be\/de\/wp-json\/wp\/v2\/media\/10703"}],"wp:attachment":[{"href":"https:\/\/staging.srfb.be\/de\/wp-json\/wp\/v2\/media?parent=10702"}],"wp:term":[{"taxonomy":"product_brand","embeddable":true,"href":"https:\/\/staging.srfb.be\/de\/wp-json\/wp\/v2\/product_brand?post=10702"},{"taxonomy":"product_cat","embeddable":true,"href":"https:\/\/staging.srfb.be\/de\/wp-json\/wp\/v2\/product_cat?post=10702"},{"taxonomy":"product_tag","embeddable":true,"href":"https:\/\/staging.srfb.be\/de\/wp-json\/wp\/v2\/product_tag?post=10702"}],"curies":[{"name":"wp","href":"https:\/\/api.w.org\/{rel}","templated":true}]}}