{"id":10699,"date":"2020-03-19T16:55:20","date_gmt":"2020-03-19T16:55:20","guid":{"rendered":"https:\/\/new.srfb.be\/?post_type=product&#038;p=10699"},"modified":"2024-03-09T07:48:54","modified_gmt":"2024-03-09T06:48:54","slug":"culture-des-chenaies-irregulieres","status":"publish","type":"product","link":"https:\/\/staging.srfb.be\/de\/forest-shop\/culture-des-chenaies-irregulieres\/","title":{"rendered":"Anbau von unregelm\u00e4\u00dfigen Eichenw\u00e4ldern"},"content":{"rendered":"","protected":false},"excerpt":{"rendered":"<p>Die wirtschaftlichen, sozialen und \u00f6kologischen Ver\u00e4nderungen veranlassen \u00f6ffentliche und private Waldbesitzer, zu nat\u00fcrlichen W\u00e4ldern zur\u00fcckzukehren, die Alters- und Gr\u00f6\u00dfenmischung zu f\u00f6rdern und die nat\u00fcrliche Regeneration zu unterst\u00fctzen.<br \/>\n15 x 23 cm, 360 Seiten<\/p>\n<p>Autoren: <strong>Anne Bary-Lenger &amp; Jean-Paul Nebout<br \/>\n<\/strong>Herausgeber : <strong>\u00c9ditions du Perron<\/strong><\/p>","protected":false},"featured_media":10700,"comment_status":"open","ping_status":"closed","template":"","meta":{"iawp_total_views":19},"product_brand":[],"product_cat":[314],"product_tag":[],"class_list":{"0":"post-10699","1":"product","2":"type-product","3":"status-publish","4":"has-post-thumbnail","6":"product_cat-sylviculture","8":"first","9":"instock","10":"shipping-taxable","11":"purchasable","12":"product-type-simple"},"_links":{"self":[{"href":"https:\/\/staging.srfb.be\/de\/wp-json\/wp\/v2\/product\/10699","targetHints":{"allow":["GET"]}}],"collection":[{"href":"https:\/\/staging.srfb.be\/de\/wp-json\/wp\/v2\/product"}],"about":[{"href":"https:\/\/staging.srfb.be\/de\/wp-json\/wp\/v2\/types\/product"}],"replies":[{"embeddable":true,"href":"https:\/\/staging.srfb.be\/de\/wp-json\/wp\/v2\/comments?post=10699"}],"wp:featuredmedia":[{"embeddable":true,"href":"https:\/\/staging.srfb.be\/de\/wp-json\/wp\/v2\/media\/10700"}],"wp:attachment":[{"href":"https:\/\/staging.srfb.be\/de\/wp-json\/wp\/v2\/media?parent=10699"}],"wp:term":[{"taxonomy":"product_brand","embeddable":true,"href":"https:\/\/staging.srfb.be\/de\/wp-json\/wp\/v2\/product_brand?post=10699"},{"taxonomy":"product_cat","embeddable":true,"href":"https:\/\/staging.srfb.be\/de\/wp-json\/wp\/v2\/product_cat?post=10699"},{"taxonomy":"product_tag","embeddable":true,"href":"https:\/\/staging.srfb.be\/de\/wp-json\/wp\/v2\/product_tag?post=10699"}],"curies":[{"name":"wp","href":"https:\/\/api.w.org\/{rel}","templated":true}]}}