{"id":10692,"date":"2020-03-19T16:45:43","date_gmt":"2020-03-19T15:45:43","guid":{"rendered":"https:\/\/new.srfb.be\/?post_type=product&#038;p=10692"},"modified":"2024-03-22T22:49:27","modified_gmt":"2024-03-22T21:49:27","slug":"le-chene","status":"publish","type":"product","link":"https:\/\/staging.srfb.be\/de\/forest-shop\/le-chene\/","title":{"rendered":"Die Eiche"},"content":{"rendered":"","protected":false},"excerpt":{"rendered":"<p>Dieses umfassend dokumentierte Buch richtet sich an Forstwirte, Baumschulen, Forstunternehmer und alle, die sich f\u00fcr die Eiche interessieren. Die \u00d6kologie, der Waldbau und die Verwendung der Eichen werden mit gro\u00dfer Genauigkeit entwickelt.<br \/>\n23 x 15 cm, 604 Seiten<\/p>","protected":false},"featured_media":10693,"comment_status":"open","ping_status":"closed","template":"","meta":{"iawp_total_views":17},"product_brand":[],"product_cat":[314],"product_tag":[],"class_list":{"0":"post-10692","1":"product","2":"type-product","3":"status-publish","4":"has-post-thumbnail","6":"product_cat-sylviculture","8":"first","9":"instock","10":"shipping-taxable","11":"purchasable","12":"product-type-simple"},"_links":{"self":[{"href":"https:\/\/staging.srfb.be\/de\/wp-json\/wp\/v2\/product\/10692","targetHints":{"allow":["GET"]}}],"collection":[{"href":"https:\/\/staging.srfb.be\/de\/wp-json\/wp\/v2\/product"}],"about":[{"href":"https:\/\/staging.srfb.be\/de\/wp-json\/wp\/v2\/types\/product"}],"replies":[{"embeddable":true,"href":"https:\/\/staging.srfb.be\/de\/wp-json\/wp\/v2\/comments?post=10692"}],"wp:featuredmedia":[{"embeddable":true,"href":"https:\/\/staging.srfb.be\/de\/wp-json\/wp\/v2\/media\/10693"}],"wp:attachment":[{"href":"https:\/\/staging.srfb.be\/de\/wp-json\/wp\/v2\/media?parent=10692"}],"wp:term":[{"taxonomy":"product_brand","embeddable":true,"href":"https:\/\/staging.srfb.be\/de\/wp-json\/wp\/v2\/product_brand?post=10692"},{"taxonomy":"product_cat","embeddable":true,"href":"https:\/\/staging.srfb.be\/de\/wp-json\/wp\/v2\/product_cat?post=10692"},{"taxonomy":"product_tag","embeddable":true,"href":"https:\/\/staging.srfb.be\/de\/wp-json\/wp\/v2\/product_tag?post=10692"}],"curies":[{"name":"wp","href":"https:\/\/api.w.org\/{rel}","templated":true}]}}