{"id":10685,"date":"2020-03-19T16:27:14","date_gmt":"2020-03-19T16:27:14","guid":{"rendered":"https:\/\/new.srfb.be\/?post_type=product&#038;p=10685"},"modified":"2025-06-09T02:19:37","modified_gmt":"2025-06-09T00:19:37","slug":"strategie-qd","status":"publish","type":"product","link":"https:\/\/staging.srfb.be\/de\/forest-shop\/strategie-qd\/","title":{"rendered":"QD-Strategie"},"content":{"rendered":"","protected":false},"excerpt":{"rendered":"<p>Die QD-Strategie ist eine koh\u00e4rente und umfassende Orientierung f\u00fcr die Waldbewirtschaftung, die darauf abzielt, einen bedeutenden Mehrwert f\u00fcr den Menschen zu schaffen. Sie beruht auf den Prinzipien des richtigen Umgangs mit lebenswichtigen Ressourcen, des geringen Energieaufwands und des vollen Respekts f\u00fcr alles Lebendige. Die Autoren haben versucht, eine detaillierte Antwort auf die praktische Anwendung der QD-Strategie zu geben: f\u00fcr wirtschaftlichen Erfolg bei Erhaltung der nat\u00fcrlichen Ressourcen und mit Respekt f\u00fcr alles Lebendige.<br \/>\n16 x 24 cm, 192 Seiten<\/p>","protected":false},"featured_media":10686,"comment_status":"open","ping_status":"closed","template":"","meta":{"iawp_total_views":56},"product_brand":[],"product_cat":[692,691,688,314],"product_tag":[],"class_list":{"0":"post-10685","1":"product","2":"type-product","3":"status-publish","4":"has-post-thumbnail","6":"product_cat-arboretum","7":"product_cat-biodiversite","8":"product_cat-sante-des-forets","9":"product_cat-sylviculture","11":"first","12":"instock","13":"shipping-taxable","14":"purchasable","15":"product-type-simple"},"_links":{"self":[{"href":"https:\/\/staging.srfb.be\/de\/wp-json\/wp\/v2\/product\/10685","targetHints":{"allow":["GET"]}}],"collection":[{"href":"https:\/\/staging.srfb.be\/de\/wp-json\/wp\/v2\/product"}],"about":[{"href":"https:\/\/staging.srfb.be\/de\/wp-json\/wp\/v2\/types\/product"}],"replies":[{"embeddable":true,"href":"https:\/\/staging.srfb.be\/de\/wp-json\/wp\/v2\/comments?post=10685"}],"wp:featuredmedia":[{"embeddable":true,"href":"https:\/\/staging.srfb.be\/de\/wp-json\/wp\/v2\/media\/10686"}],"wp:attachment":[{"href":"https:\/\/staging.srfb.be\/de\/wp-json\/wp\/v2\/media?parent=10685"}],"wp:term":[{"taxonomy":"product_brand","embeddable":true,"href":"https:\/\/staging.srfb.be\/de\/wp-json\/wp\/v2\/product_brand?post=10685"},{"taxonomy":"product_cat","embeddable":true,"href":"https:\/\/staging.srfb.be\/de\/wp-json\/wp\/v2\/product_cat?post=10685"},{"taxonomy":"product_tag","embeddable":true,"href":"https:\/\/staging.srfb.be\/de\/wp-json\/wp\/v2\/product_tag?post=10685"}],"curies":[{"name":"wp","href":"https:\/\/api.w.org\/{rel}","templated":true}]}}