{"id":10682,"date":"2020-03-19T16:23:49","date_gmt":"2020-03-19T15:23:49","guid":{"rendered":"https:\/\/new.srfb.be\/?post_type=product&#038;p=10682"},"modified":"2025-10-27T22:44:03","modified_gmt":"2025-10-27T21:44:03","slug":"laulne-glutineux-ses-stations-et-sa-sylviculture","status":"publish","type":"product","link":"https:\/\/staging.srfb.be\/de\/forest-shop\/laulne-glutineux-ses-stations-et-sa-sylviculture\/","title":{"rendered":"Die Schwarzerle, ihre Standorte und ihre Forstwirtschaft"},"content":{"rendered":"","protected":false},"excerpt":{"rendered":"<p>Die Erle ist eine wichtige Art in \u00d6kosystemen von gro\u00dfem Interesse, f\u00fcr die Erhaltung der Artenvielfalt oder den Schutz von B\u00f6den und Wasserressourcen.<br \/>\n23 x 15 cm, 194 Seiten<\/p>","protected":false},"featured_media":10683,"comment_status":"open","ping_status":"closed","template":"","meta":{"iawp_total_views":26},"product_brand":[],"product_cat":[691,314],"product_tag":[],"class_list":{"0":"post-10682","1":"product","2":"type-product","3":"status-publish","4":"has-post-thumbnail","6":"product_cat-biodiversite","7":"product_cat-sylviculture","9":"first","10":"instock","11":"shipping-taxable","12":"purchasable","13":"product-type-simple"},"_links":{"self":[{"href":"https:\/\/staging.srfb.be\/de\/wp-json\/wp\/v2\/product\/10682","targetHints":{"allow":["GET"]}}],"collection":[{"href":"https:\/\/staging.srfb.be\/de\/wp-json\/wp\/v2\/product"}],"about":[{"href":"https:\/\/staging.srfb.be\/de\/wp-json\/wp\/v2\/types\/product"}],"replies":[{"embeddable":true,"href":"https:\/\/staging.srfb.be\/de\/wp-json\/wp\/v2\/comments?post=10682"}],"wp:featuredmedia":[{"embeddable":true,"href":"https:\/\/staging.srfb.be\/de\/wp-json\/wp\/v2\/media\/10683"}],"wp:attachment":[{"href":"https:\/\/staging.srfb.be\/de\/wp-json\/wp\/v2\/media?parent=10682"}],"wp:term":[{"taxonomy":"product_brand","embeddable":true,"href":"https:\/\/staging.srfb.be\/de\/wp-json\/wp\/v2\/product_brand?post=10682"},{"taxonomy":"product_cat","embeddable":true,"href":"https:\/\/staging.srfb.be\/de\/wp-json\/wp\/v2\/product_cat?post=10682"},{"taxonomy":"product_tag","embeddable":true,"href":"https:\/\/staging.srfb.be\/de\/wp-json\/wp\/v2\/product_tag?post=10682"}],"curies":[{"name":"wp","href":"https:\/\/api.w.org\/{rel}","templated":true}]}}