{"id":10679,"date":"2020-03-19T15:58:26","date_gmt":"2020-03-19T15:58:26","guid":{"rendered":"https:\/\/new.srfb.be\/?post_type=product&#038;p=10679"},"modified":"2024-10-22T04:02:05","modified_gmt":"2024-10-22T02:02:05","slug":"les-sols-forestiers","status":"publish","type":"product","link":"https:\/\/staging.srfb.be\/de\/forest-shop\/les-sols-forestiers\/","title":{"rendered":"Waldb\u00f6den"},"content":{"rendered":"","protected":false},"excerpt":{"rendered":"<p>Dieses praktische und technische Handbuch zeigt, wie man Waldb\u00f6den \u00ablesen\u00bb kann, und enth\u00e4lt unter Ber\u00fccksichtigung der neuesten Forschungsergebnisse einige Regeln f\u00fcr eine gute Bewirtschaftung, um das Produktionspotenzial der B\u00f6den zu nutzen, ohne ihre grundlegenden Eigenschaften langfristig zu beeintr\u00e4chtigen. Das Buch bietet sowohl Laien als auch anspruchsvolleren Nutzern zwei Lesestufen, die einerseits die Grundlagen vermitteln und andererseits die M\u00f6glichkeit bieten, das Wissen zu erweitern und zu vertiefen.<\/p>\n<p>21 x 29,7 cm, 160 Seiten<\/p>\n<p>Autoren:\u00a0<strong>Fran\u00e7ois Charnet<\/strong><br \/>\nHerausgeber :\u00a0<strong>Centre National de la Propri\u00e9t\u00e9 Foresti\u00e8re (CNPF) (Nationales Zentrum f\u00fcr Waldbesitz)<\/strong><\/p>","protected":false},"featured_media":10680,"comment_status":"open","ping_status":"closed","template":"","meta":{"iawp_total_views":16},"product_brand":[],"product_cat":[688,314],"product_tag":[],"class_list":{"0":"post-10679","1":"product","2":"type-product","3":"status-publish","4":"has-post-thumbnail","6":"product_cat-sante-des-forets","7":"product_cat-sylviculture","9":"first","10":"instock","11":"shipping-taxable","12":"purchasable","13":"product-type-simple"},"_links":{"self":[{"href":"https:\/\/staging.srfb.be\/de\/wp-json\/wp\/v2\/product\/10679","targetHints":{"allow":["GET"]}}],"collection":[{"href":"https:\/\/staging.srfb.be\/de\/wp-json\/wp\/v2\/product"}],"about":[{"href":"https:\/\/staging.srfb.be\/de\/wp-json\/wp\/v2\/types\/product"}],"replies":[{"embeddable":true,"href":"https:\/\/staging.srfb.be\/de\/wp-json\/wp\/v2\/comments?post=10679"}],"wp:featuredmedia":[{"embeddable":true,"href":"https:\/\/staging.srfb.be\/de\/wp-json\/wp\/v2\/media\/10680"}],"wp:attachment":[{"href":"https:\/\/staging.srfb.be\/de\/wp-json\/wp\/v2\/media?parent=10679"}],"wp:term":[{"taxonomy":"product_brand","embeddable":true,"href":"https:\/\/staging.srfb.be\/de\/wp-json\/wp\/v2\/product_brand?post=10679"},{"taxonomy":"product_cat","embeddable":true,"href":"https:\/\/staging.srfb.be\/de\/wp-json\/wp\/v2\/product_cat?post=10679"},{"taxonomy":"product_tag","embeddable":true,"href":"https:\/\/staging.srfb.be\/de\/wp-json\/wp\/v2\/product_tag?post=10679"}],"curies":[{"name":"wp","href":"https:\/\/api.w.org\/{rel}","templated":true}]}}