{"id":8158,"date":"2019-07-18T18:59:02","date_gmt":"2019-07-18T18:59:02","guid":{"rendered":"http:\/\/srfb-wp.dphi.be\/?page_id=8158"},"modified":"2024-03-20T15:01:27","modified_gmt":"2024-03-20T14:01:27","slug":"assurer_demarches_administratives","status":"publish","type":"page","link":"https:\/\/staging.srfb.be\/de\/formations-et-activites\/je-me-forme-pour-ma-foret\/ressources-educatives-eforown\/assurer_demarches_administratives\/","title":{"rendered":"Administrative Schritte sicherstellen"},"content":{"rendered":"<div class=\"wp-block-group is-layout-constrained wp-block-group-is-layout-constrained\" style=\"margin-top:var(--wp--preset--spacing--80);margin-bottom:var(--wp--preset--spacing--80)\">\n<figure class=\"wp-block-image aligncenter size-large is-resized\"><img loading=\"lazy\" decoding=\"async\" width=\"1024\" height=\"576\" src=\"https:\/\/staging.srfb.be\/wp-content\/uploads\/2019\/07\/logo_label-1024x576.jpg\" alt=\"eForOwn - certificat\" class=\"wp-image-8091\" style=\"width:auto;height:150px\" srcset=\"https:\/\/staging.srfb.be\/wp-content\/uploads\/2019\/07\/logo_label-1024x576.jpg 1024w, https:\/\/staging.srfb.be\/wp-content\/uploads\/2019\/07\/logo_label-600x338.jpg 600w, https:\/\/staging.srfb.be\/wp-content\/uploads\/2019\/07\/logo_label-64x36.jpg 64w, https:\/\/staging.srfb.be\/wp-content\/uploads\/2019\/07\/logo_label-300x169.jpg 300w, https:\/\/staging.srfb.be\/wp-content\/uploads\/2019\/07\/logo_label-18x10.jpg 18w, https:\/\/staging.srfb.be\/wp-content\/uploads\/2019\/07\/logo_label.jpg 1280w\" sizes=\"auto, (max-width: 1024px) 100vw, 1024px\" \/><\/figure>\n<\/div>\n\n\n\n<h2 class=\"wp-block-heading has-text-align-center has-large-font-size\" style=\"text-transform:uppercase\">Anf\u00e4nger<\/h2>\n\n\n\n<section class=\"wp-block-group has-grey-color-background-color has-background has-medium-font-size is-content-justification-space-between is-nowrap is-layout-flex wp-container-core-group-is-layout-95e57954 wp-block-group-is-layout-flex\" style=\"padding-top:var(--wp--preset--spacing--40);padding-right:var(--wp--preset--spacing--60);padding-bottom:var(--wp--preset--spacing--40);padding-left:var(--wp--preset--spacing--60)\">\n<h4 class=\"wp-block-heading wp-container-content-9cfa9a5a\"><a href=\"https:\/\/staging.srfb.be\/wp-content\/uploads\/2019\/07\/62_Le_document_de_gestion_durable.pptx\" target=\"_blank\" rel=\"noreferrer noopener\"><i class='fas-solid fas-file' style='color: var(--wpem-primary-color); font-size: inherit;'><\/i> Das Dokument f\u00fcr nachhaltiges Management<\/a><\/h4>\n\n\n\n<p><a href=\"https:\/\/staging.srfb.be\/wp-content\/uploads\/2019\/07\/62_Le_document_de_gestion_durable.pptx\" target=\"_blank\" rel=\"noreferrer noopener\"><i class='fas-solid fas-download' style='color: var(--wpem-primary-color); font-size: inherit;'><\/i><\/a><\/p>\n<\/section>\n\n\n\n<section class=\"wp-block-group has-grey-color-background-color has-background has-medium-font-size is-content-justification-space-between is-nowrap is-layout-flex wp-container-core-group-is-layout-95e57954 wp-block-group-is-layout-flex\" style=\"padding-top:var(--wp--preset--spacing--40);padding-right:var(--wp--preset--spacing--60);padding-bottom:var(--wp--preset--spacing--40);padding-left:var(--wp--preset--spacing--60)\">\n<h4 class=\"wp-block-heading wp-container-content-9cfa9a5a\"><a href=\"https:\/\/staging.srfb.be\/wp-content\/uploads\/2019\/07\/R5_n_68_les_assurances_forestieres_V3-nouveau-logo-2.pdf\" target=\"_blank\" rel=\"noreferrer noopener\"><i class='fas-solid fas-file' style='color: var(--wpem-primary-color); font-size: inherit;'><\/i> Forstwirtschaftliche Versicherungen<\/a><\/h4>\n\n\n\n<p><a href=\"https:\/\/staging.srfb.be\/wp-content\/uploads\/2019\/07\/R5_n_68_les_assurances_forestieres_V3-nouveau-logo-2.pdf\" target=\"_blank\" rel=\"noreferrer noopener\"><i class='fas-solid fas-download' style='color: var(--wpem-primary-color); font-size: inherit;'><\/i><\/a><\/p>\n<\/section>\n\n\n\n<hr class=\"wp-block-separator has-text-color has-grey-color-color has-alpha-channel-opacity has-grey-color-background-color has-background\" style=\"margin-top:var(--wp--preset--spacing--60);margin-bottom:var(--wp--preset--spacing--60)\"\/>\n\n\n\n<h2 class=\"wp-block-heading has-text-align-center has-large-font-size\" style=\"text-transform:uppercase\">Intermedi\u00e4r<\/h2>\n\n\n\n<section class=\"wp-block-group has-grey-color-background-color has-background has-medium-font-size is-content-justification-space-between is-nowrap is-layout-flex wp-container-core-group-is-layout-95e57954 wp-block-group-is-layout-flex\" style=\"padding-top:var(--wp--preset--spacing--40);padding-right:var(--wp--preset--spacing--60);padding-bottom:var(--wp--preset--spacing--40);padding-left:var(--wp--preset--spacing--60)\">\n<h4 class=\"wp-block-heading wp-container-content-9cfa9a5a\"><a href=\"https:\/\/staging.srfb.be\/wp-content\/uploads\/2019\/07\/59_Informations_cartographiques_pour_ma_for%C3%AAt.pdf\" target=\"_blank\" rel=\"noreferrer noopener\"><i class='fas-solid fas-file' style='color: var(--wpem-primary-color); font-size: inherit;'><\/i> Karteninformationen f\u00fcr meinen Wald<\/a><\/h4>\n\n\n\n<p><a href=\"https:\/\/staging.srfb.be\/wp-content\/uploads\/2019\/07\/59_Informations_cartographiques_pour_ma_for%C3%AAt.pdf\" target=\"_blank\" rel=\"noreferrer noopener\"><i class='fas-solid fas-download' style='color: var(--wpem-primary-color); font-size: inherit;'><\/i><\/a><\/p>\n<\/section>\n\n\n\n<section class=\"wp-block-group has-grey-color-background-color has-background has-medium-font-size is-content-justification-space-between is-nowrap is-layout-flex wp-container-core-group-is-layout-95e57954 wp-block-group-is-layout-flex\" style=\"padding-top:var(--wp--preset--spacing--40);padding-right:var(--wp--preset--spacing--60);padding-bottom:var(--wp--preset--spacing--40);padding-left:var(--wp--preset--spacing--60)\">\n<h4 class=\"wp-block-heading wp-container-content-9cfa9a5a\"><a href=\"https:\/\/staging.srfb.be\/wp-content\/uploads\/2019\/07\/R1_n_63_documents_de_gestion_durable_2-nouveau-logo.pdf\" target=\"_blank\" rel=\"noreferrer noopener\"><i class='fas-solid fas-file' style='color: var(--wpem-primary-color); font-size: inherit;'><\/i> Das Dokument f\u00fcr nachhaltiges Management<\/a><\/h4>\n\n\n\n<p><a href=\"https:\/\/staging.srfb.be\/wp-content\/uploads\/2019\/07\/R1_n_63_documents_de_gestion_durable_2-nouveau-logo.pdf\" target=\"_blank\" rel=\"noreferrer noopener\"><i class='fas-solid fas-download' style='color: var(--wpem-primary-color); font-size: inherit;'><\/i><\/a><\/p>\n<\/section>","protected":false},"excerpt":{"rendered":"<p>D\u00e9butant Le document de gestion durable Les assurances forestieres Interm\u00e9diaire Informations cartographiques pour ma for\u00eat Le document de gestion durable<\/p>","protected":false},"author":18,"featured_media":0,"parent":10975,"menu_order":0,"comment_status":"closed","ping_status":"closed","template":"","meta":{"iawp_total_views":8,"footnotes":""},"category":[],"class_list":["post-8158","page","type-page","status-publish","hentry"],"_links":{"self":[{"href":"https:\/\/staging.srfb.be\/de\/wp-json\/wp\/v2\/pages\/8158","targetHints":{"allow":["GET"]}}],"collection":[{"href":"https:\/\/staging.srfb.be\/de\/wp-json\/wp\/v2\/pages"}],"about":[{"href":"https:\/\/staging.srfb.be\/de\/wp-json\/wp\/v2\/types\/page"}],"author":[{"embeddable":true,"href":"https:\/\/staging.srfb.be\/de\/wp-json\/wp\/v2\/users\/18"}],"replies":[{"embeddable":true,"href":"https:\/\/staging.srfb.be\/de\/wp-json\/wp\/v2\/comments?post=8158"}],"version-history":[{"count":0,"href":"https:\/\/staging.srfb.be\/de\/wp-json\/wp\/v2\/pages\/8158\/revisions"}],"up":[{"embeddable":true,"href":"https:\/\/staging.srfb.be\/de\/wp-json\/wp\/v2\/pages\/10975"}],"wp:attachment":[{"href":"https:\/\/staging.srfb.be\/de\/wp-json\/wp\/v2\/media?parent=8158"}],"wp:term":[{"taxonomy":"category","embeddable":true,"href":"https:\/\/staging.srfb.be\/de\/wp-json\/wp\/v2\/category?post=8158"}],"curies":[{"name":"wp","href":"https:\/\/api.w.org\/{rel}","templated":true}]}}