{"id":8117,"date":"2019-07-18T17:39:53","date_gmt":"2019-07-18T17:39:53","guid":{"rendered":"http:\/\/srfb-wp.dphi.be\/?page_id=8117"},"modified":"2024-03-20T14:51:04","modified_gmt":"2024-03-20T13:51:04","slug":"entretenir_ma_foret","status":"publish","type":"page","link":"https:\/\/staging.srfb.be\/de\/formations-et-activites\/je-me-forme-pour-ma-foret\/ressources-educatives-eforown\/entretenir_ma_foret\/","title":{"rendered":"Meinen Wald pflegen"},"content":{"rendered":"<div class=\"wp-block-group is-layout-constrained wp-block-group-is-layout-constrained\" style=\"margin-top:var(--wp--preset--spacing--80);margin-bottom:var(--wp--preset--spacing--80)\">\n<figure class=\"wp-block-image aligncenter size-large is-resized\"><img loading=\"lazy\" decoding=\"async\" width=\"1024\" height=\"576\" src=\"https:\/\/staging.srfb.be\/wp-content\/uploads\/2019\/07\/logo_label-1024x576.jpg\" alt=\"eForOwn - certificat\" class=\"wp-image-8091\" style=\"width:auto;height:150px\" srcset=\"https:\/\/staging.srfb.be\/wp-content\/uploads\/2019\/07\/logo_label-1024x576.jpg 1024w, https:\/\/staging.srfb.be\/wp-content\/uploads\/2019\/07\/logo_label-600x338.jpg 600w, https:\/\/staging.srfb.be\/wp-content\/uploads\/2019\/07\/logo_label-64x36.jpg 64w, https:\/\/staging.srfb.be\/wp-content\/uploads\/2019\/07\/logo_label-300x169.jpg 300w, https:\/\/staging.srfb.be\/wp-content\/uploads\/2019\/07\/logo_label-18x10.jpg 18w, https:\/\/staging.srfb.be\/wp-content\/uploads\/2019\/07\/logo_label.jpg 1280w\" sizes=\"auto, (max-width: 1024px) 100vw, 1024px\" \/><\/figure>\n<\/div>\n\n\n\n<h2 class=\"wp-block-heading has-text-align-center has-large-font-size\" style=\"text-transform:uppercase\">Anf\u00e4nger<\/h2>\n\n\n\n<section class=\"wp-block-group has-grey-color-background-color has-background has-medium-font-size is-content-justification-space-between is-nowrap is-layout-flex wp-container-core-group-is-layout-95e57954 wp-block-group-is-layout-flex\" style=\"padding-top:var(--wp--preset--spacing--40);padding-right:var(--wp--preset--spacing--60);padding-bottom:var(--wp--preset--spacing--40);padding-left:var(--wp--preset--spacing--60)\">\n<h4 class=\"wp-block-heading wp-container-content-9cfa9a5a\"><a href=\"https:\/\/staging.srfb.be\/wp-content\/uploads\/2019\/07\/19_La_notion_d%C3%A9claircie.pdf\" target=\"_blank\" rel=\"noreferrer noopener\"><i class='fas-solid fas-file' style='color: var(--wpem-primary-color); font-size: inherit;'><\/i> Der Begriff der Ausd\u00fcnnung<\/a><\/h4>\n\n\n\n<p><a href=\"https:\/\/staging.srfb.be\/wp-content\/uploads\/2019\/07\/19_La_notion_d%C3%A9claircie.pdf\" target=\"_blank\" rel=\"noreferrer noopener\"><i class='fas-solid fas-download' style='color: var(--wpem-primary-color); font-size: inherit;'><\/i><\/a><\/p>\n<\/section>\n\n\n\n<section class=\"wp-block-group has-grey-color-background-color has-background has-medium-font-size is-content-justification-space-between is-nowrap is-layout-flex wp-container-core-group-is-layout-95e57954 wp-block-group-is-layout-flex\" style=\"padding-top:var(--wp--preset--spacing--40);padding-right:var(--wp--preset--spacing--60);padding-bottom:var(--wp--preset--spacing--40);padding-left:var(--wp--preset--spacing--60)\">\n<h4 class=\"wp-block-heading wp-container-content-9cfa9a5a\"><a href=\"https:\/\/staging.srfb.be\/wp-content\/uploads\/2019\/07\/28_Comment_affronter_les_effets_du_changement_climatique-.pdf\" target=\"_blank\" rel=\"noreferrer noopener\"><i class='fas-solid fas-file' style='color: var(--wpem-primary-color); font-size: inherit;'><\/i> Wie man den Auswirkungen des Klimawandels begegnet<\/a><\/h4>\n\n\n\n<p><a href=\"https:\/\/staging.srfb.be\/wp-content\/uploads\/2019\/07\/28_Comment_affronter_les_effets_du_changement_climatique-.pdf\" target=\"_blank\" rel=\"noreferrer noopener\"><i class='fas-solid fas-download' style='color: var(--wpem-primary-color); font-size: inherit;'><\/i><\/a><\/p>\n<\/section>\n\n\n\n<section class=\"wp-block-group has-grey-color-background-color has-background has-medium-font-size is-content-justification-space-between is-nowrap is-layout-flex wp-container-core-group-is-layout-95e57954 wp-block-group-is-layout-flex\" style=\"padding-top:var(--wp--preset--spacing--40);padding-right:var(--wp--preset--spacing--60);padding-bottom:var(--wp--preset--spacing--40);padding-left:var(--wp--preset--spacing--60)\">\n<h4 class=\"wp-block-heading wp-container-content-9cfa9a5a\"><a href=\"https:\/\/staging.srfb.be\/wp-content\/uploads\/2019\/07\/31_Am%C3%A9liorer_la_desserte_de-_ma_for%C3%AAt.pdf\" target=\"_blank\" rel=\"noreferrer noopener\"><i class='fas-solid fas-file' style='color: var(--wpem-primary-color); font-size: inherit;'><\/i> Die Erschlie\u00dfung meines Waldes verbessern<\/a><\/h4>\n\n\n\n<p><a href=\"https:\/\/staging.srfb.be\/wp-content\/uploads\/2019\/07\/31_Am%C3%A9liorer_la_desserte_de-_ma_for%C3%AAt.pdf\" target=\"_blank\" rel=\"noreferrer noopener\"><i class='fas-solid fas-download' style='color: var(--wpem-primary-color); font-size: inherit;'><\/i><\/a><\/p>\n<\/section>\n\n\n\n<hr class=\"wp-block-separator has-text-color has-grey-color-color has-alpha-channel-opacity has-grey-color-background-color has-background\" style=\"margin-top:var(--wp--preset--spacing--60);margin-bottom:var(--wp--preset--spacing--60)\"\/>\n\n\n\n<h2 class=\"wp-block-heading has-text-align-center has-large-font-size\" style=\"text-transform:uppercase\">Intermedi\u00e4r<\/h2>\n\n\n\n<section class=\"wp-block-group has-grey-color-background-color has-background has-medium-font-size is-content-justification-space-between is-nowrap is-layout-flex wp-container-core-group-is-layout-95e57954 wp-block-group-is-layout-flex\" style=\"padding-top:var(--wp--preset--spacing--40);padding-right:var(--wp--preset--spacing--60);padding-bottom:var(--wp--preset--spacing--40);padding-left:var(--wp--preset--spacing--60)\">\n<h4 class=\"wp-block-heading wp-container-content-9cfa9a5a\"><a href=\"https:\/\/staging.srfb.be\/wp-content\/uploads\/2019\/07\/18_R%C3%A9aliser_une_%C3%A9claircie.pdf\" target=\"_blank\" rel=\"noreferrer noopener\"><i class='fas-solid fas-file' style='color: var(--wpem-primary-color); font-size: inherit;'><\/i> Eine Durchforstung durchf\u00fchren<\/a><\/h4>\n\n\n\n<p><a href=\"https:\/\/staging.srfb.be\/wp-content\/uploads\/2019\/07\/18_R%C3%A9aliser_une_%C3%A9claircie.pdf\" target=\"_blank\" rel=\"noreferrer noopener\"><i class='fas-solid fas-download' style='color: var(--wpem-primary-color); font-size: inherit;'><\/i><\/a><\/p>\n<\/section>\n\n\n\n<section class=\"wp-block-group has-grey-color-background-color has-background has-medium-font-size is-content-justification-space-between is-nowrap is-layout-flex wp-container-core-group-is-layout-95e57954 wp-block-group-is-layout-flex\" style=\"padding-top:var(--wp--preset--spacing--40);padding-right:var(--wp--preset--spacing--60);padding-bottom:var(--wp--preset--spacing--40);padding-left:var(--wp--preset--spacing--60)\">\n<h4 class=\"wp-block-heading wp-container-content-9cfa9a5a\"><a href=\"https:\/\/www.youtube.com\/watch?v=o2yKgsnQ0Rs\" target=\"_blank\" rel=\"noreferrer noopener\"><i class='fas-solid fas-file' style='color: var(--wpem-primary-color); font-size: inherit;'><\/i> Eine Durchforstung durchf\u00fchren (Video)<\/a><\/h4>\n\n\n\n<p><a href=\"https:\/\/www.youtube.com\/watch?v=o2yKgsnQ0Rs\" target=\"_blank\" rel=\"noreferrer noopener\"><i class='fab-solid fab-youtube' style='color: var(--wpem-primary-color); font-size: inherit;'><\/i><\/a><\/p>\n<\/section>\n\n\n\n<section class=\"wp-block-group has-grey-color-background-color has-background has-medium-font-size is-content-justification-space-between is-nowrap is-layout-flex wp-container-core-group-is-layout-95e57954 wp-block-group-is-layout-flex\" style=\"padding-top:var(--wp--preset--spacing--40);padding-right:var(--wp--preset--spacing--60);padding-bottom:var(--wp--preset--spacing--40);padding-left:var(--wp--preset--spacing--60)\">\n<h4 class=\"wp-block-heading wp-container-content-9cfa9a5a\"><a href=\"https:\/\/staging.srfb.be\/wp-content\/uploads\/2019\/07\/29_Agir_en_foret_face_aux_changements_climatiques-Copie.pdf\" target=\"_blank\" rel=\"noreferrer noopener\"><i class='fas-solid fas-file' style='color: var(--wpem-primary-color); font-size: inherit;'><\/i> Handeln im Wald angesichts des Klimawandels<\/a><\/h4>\n\n\n\n<p><a href=\"https:\/\/staging.srfb.be\/wp-content\/uploads\/2019\/07\/29_Agir_en_foret_face_aux_changements_climatiques-Copie.pdf\" target=\"_blank\" rel=\"noreferrer noopener\"><i class='fas-solid fas-download' style='color: var(--wpem-primary-color); font-size: inherit;'><\/i><\/a><\/p>\n<\/section>\n\n\n\n<section class=\"wp-block-group has-grey-color-background-color has-background has-medium-font-size is-content-justification-space-between is-nowrap is-layout-flex wp-container-core-group-is-layout-95e57954 wp-block-group-is-layout-flex\" style=\"padding-top:var(--wp--preset--spacing--40);padding-right:var(--wp--preset--spacing--60);padding-bottom:var(--wp--preset--spacing--40);padding-left:var(--wp--preset--spacing--60)\">\n<h4 class=\"wp-block-heading wp-container-content-9cfa9a5a\"><a href=\"https:\/\/staging.srfb.be\/wp-content\/uploads\/2019\/07\/30_Mesures_sylvicoles_pr%C3%A9ventives_contre_feux_for%C3%AAts-Copie.pdf\" target=\"_blank\" rel=\"noreferrer noopener\"><i class='fas-solid fas-file' style='color: var(--wpem-primary-color); font-size: inherit;'><\/i> Pr\u00e4ventive forstwirtschaftliche Ma\u00dfnahmen gegen Waldbr\u00e4nde<\/a><\/h4>\n\n\n\n<p><a href=\"https:\/\/staging.srfb.be\/wp-content\/uploads\/2019\/07\/30_Mesures_sylvicoles_pr%C3%A9ventives_contre_feux_for%C3%AAts-Copie.pdf\" target=\"_blank\" rel=\"noreferrer noopener\"><i class='fas-solid fas-download' style='color: var(--wpem-primary-color); font-size: inherit;'><\/i><\/a><\/p>\n<\/section>","protected":false},"excerpt":{"rendered":"<p>D\u00e9butant La notion d&rsquo;\u00e9claircie Comment affronter les effets du changement climatique Am\u00e9liorer la desserte de ma for\u00eat Interm\u00e9diaire R\u00e9aliser une \u00e9claircie R\u00e9aliser une \u00e9claircie (Vid\u00e9o) Agir en foret face aux changements climatiques Mesures sylvicoles pr\u00e9ventives contre les feux de for\u00eats<\/p>","protected":false},"author":18,"featured_media":0,"parent":10975,"menu_order":0,"comment_status":"closed","ping_status":"closed","template":"","meta":{"iawp_total_views":28,"footnotes":""},"category":[],"class_list":["post-8117","page","type-page","status-publish","hentry"],"_links":{"self":[{"href":"https:\/\/staging.srfb.be\/de\/wp-json\/wp\/v2\/pages\/8117","targetHints":{"allow":["GET"]}}],"collection":[{"href":"https:\/\/staging.srfb.be\/de\/wp-json\/wp\/v2\/pages"}],"about":[{"href":"https:\/\/staging.srfb.be\/de\/wp-json\/wp\/v2\/types\/page"}],"author":[{"embeddable":true,"href":"https:\/\/staging.srfb.be\/de\/wp-json\/wp\/v2\/users\/18"}],"replies":[{"embeddable":true,"href":"https:\/\/staging.srfb.be\/de\/wp-json\/wp\/v2\/comments?post=8117"}],"version-history":[{"count":0,"href":"https:\/\/staging.srfb.be\/de\/wp-json\/wp\/v2\/pages\/8117\/revisions"}],"up":[{"embeddable":true,"href":"https:\/\/staging.srfb.be\/de\/wp-json\/wp\/v2\/pages\/10975"}],"wp:attachment":[{"href":"https:\/\/staging.srfb.be\/de\/wp-json\/wp\/v2\/media?parent=8117"}],"wp:term":[{"taxonomy":"category","embeddable":true,"href":"https:\/\/staging.srfb.be\/de\/wp-json\/wp\/v2\/category?post=8117"}],"curies":[{"name":"wp","href":"https:\/\/api.w.org\/{rel}","templated":true}]}}