{"id":8036,"date":"2019-07-18T13:27:32","date_gmt":"2019-07-18T13:27:32","guid":{"rendered":"http:\/\/srfb-wp.dphi.be\/?page_id=8036"},"modified":"2024-03-20T14:33:04","modified_gmt":"2024-03-20T13:33:04","slug":"potentiel_production_foret","status":"publish","type":"page","link":"https:\/\/staging.srfb.be\/de\/formations-et-activites\/je-me-forme-pour-ma-foret\/ressources-educatives-eforown\/potentiel_production_foret\/","title":{"rendered":"Das Produktionspotenzial meines Waldes beurteilen"},"content":{"rendered":"<div class=\"wp-block-group is-layout-constrained wp-block-group-is-layout-constrained\" style=\"margin-top:var(--wp--preset--spacing--80);margin-bottom:var(--wp--preset--spacing--80)\">\n<figure class=\"wp-block-image aligncenter size-large is-resized\"><img loading=\"lazy\" decoding=\"async\" width=\"1024\" height=\"576\" src=\"https:\/\/staging.srfb.be\/wp-content\/uploads\/2019\/07\/logo_label-1024x576.jpg\" alt=\"eForOwn - certificat\" class=\"wp-image-8091\" style=\"width:auto;height:150px\" srcset=\"https:\/\/staging.srfb.be\/wp-content\/uploads\/2019\/07\/logo_label-1024x576.jpg 1024w, https:\/\/staging.srfb.be\/wp-content\/uploads\/2019\/07\/logo_label-600x338.jpg 600w, https:\/\/staging.srfb.be\/wp-content\/uploads\/2019\/07\/logo_label-64x36.jpg 64w, https:\/\/staging.srfb.be\/wp-content\/uploads\/2019\/07\/logo_label-300x169.jpg 300w, https:\/\/staging.srfb.be\/wp-content\/uploads\/2019\/07\/logo_label-18x10.jpg 18w, https:\/\/staging.srfb.be\/wp-content\/uploads\/2019\/07\/logo_label.jpg 1280w\" sizes=\"auto, (max-width: 1024px) 100vw, 1024px\" \/><\/figure>\n<\/div>\n\n\n\n<h2 class=\"wp-block-heading has-text-align-center has-large-font-size\" style=\"text-transform:uppercase\">Anf\u00e4nger<\/h2>\n\n\n\n<section class=\"wp-block-group has-grey-color-background-color has-background has-medium-font-size is-content-justification-space-between is-nowrap is-layout-flex wp-container-core-group-is-layout-95e57954 wp-block-group-is-layout-flex\" style=\"padding-top:var(--wp--preset--spacing--40);padding-right:var(--wp--preset--spacing--60);padding-bottom:var(--wp--preset--spacing--40);padding-left:var(--wp--preset--spacing--60)\">\n<h4 class=\"wp-block-heading wp-container-content-9cfa9a5a\"><a href=\"https:\/\/staging.srfb.be\/wp-content\/uploads\/2019\/07\/1_Situer_ma_for%C3%AAt_dans_le_contexte_national.pdf\" target=\"_blank\" rel=\"noreferrer noopener\"><i class='fas-solid fas-file' style='color: var(--wpem-primary-color); font-size: inherit;'><\/i> Meinen Wald im nationalen Kontext einordnen<\/a><\/h4>\n\n\n\n<p><a href=\"https:\/\/staging.srfb.be\/wp-content\/uploads\/2019\/07\/1_Situer_ma_for%C3%AAt_dans_le_contexte_national.pdf\" target=\"_blank\" rel=\"noreferrer noopener\"><i class='fas-solid fas-download' style='color: var(--wpem-primary-color); font-size: inherit;'><\/i><\/a><\/p>\n<\/section>\n\n\n\n<section class=\"wp-block-group has-grey-color-background-color has-background has-medium-font-size is-content-justification-space-between is-nowrap is-layout-flex wp-container-core-group-is-layout-95e57954 wp-block-group-is-layout-flex\" style=\"padding-top:var(--wp--preset--spacing--40);padding-right:var(--wp--preset--spacing--60);padding-bottom:var(--wp--preset--spacing--40);padding-left:var(--wp--preset--spacing--60)\">\n<h4 class=\"wp-block-heading wp-container-content-9cfa9a5a\"><a href=\"https:\/\/staging.srfb.be\/wp-content\/uploads\/2019\/07\/1_Situer_ma_for%C3%AAt_dans_le_contexte_national.pdf\" target=\"_blank\" rel=\"noreferrer noopener\"><i class='fas-solid fas-file' style='color: var(--wpem-primary-color); font-size: inherit;'><\/i> Meine Managementziele<\/a><\/h4>\n\n\n\n<p><a href=\"https:\/\/staging.srfb.be\/wp-content\/uploads\/2019\/07\/R1_n_2_objectifs_de_gestion_5-nouveau-logo.pdf\" target=\"_blank\" rel=\"noreferrer noopener\"><i class='fas-solid fas-download' style='color: var(--wpem-primary-color); font-size: inherit;'><\/i><\/a><\/p>\n<\/section>\n\n\n\n<section class=\"wp-block-group has-grey-color-background-color has-background has-medium-font-size is-content-justification-space-between is-nowrap is-layout-flex wp-container-core-group-is-layout-95e57954 wp-block-group-is-layout-flex\" style=\"padding-top:var(--wp--preset--spacing--40);padding-right:var(--wp--preset--spacing--60);padding-bottom:var(--wp--preset--spacing--40);padding-left:var(--wp--preset--spacing--60)\">\n<h4 class=\"wp-block-heading wp-container-content-9cfa9a5a\"><a href=\"https:\/\/staging.srfb.be\/wp-content\/uploads\/2019\/07\/R1_n_6_aqui_s_adresser_V5-nouveau-logo.pdf\" target=\"_blank\" rel=\"noreferrer noopener\"><i class='fas-solid fas-file' style='color: var(--wpem-primary-color); font-size: inherit;'><\/i> An wen kann man sich wenden?<\/a><\/h4>\n\n\n\n<p><a href=\"https:\/\/staging.srfb.be\/wp-content\/uploads\/2019\/07\/R1_n_6_aqui_s_adresser_V5-nouveau-logo.pdf\" target=\"_blank\" rel=\"noreferrer noopener\"><i class='fas-solid fas-download' style='color: var(--wpem-primary-color); font-size: inherit;'><\/i><\/a><\/p>\n<\/section>\n\n\n\n<section class=\"wp-block-group has-grey-color-background-color has-background has-medium-font-size is-content-justification-space-between is-nowrap is-layout-flex wp-container-core-group-is-layout-95e57954 wp-block-group-is-layout-flex\" style=\"padding-top:var(--wp--preset--spacing--40);padding-right:var(--wp--preset--spacing--60);padding-bottom:var(--wp--preset--spacing--40);padding-left:var(--wp--preset--spacing--60)\">\n<h4 class=\"wp-block-heading wp-container-content-9cfa9a5a\"><a href=\"https:\/\/staging.srfb.be\/wp-content\/uploads\/2019\/07\/12_Les_stations_forestieres.pptx\" target=\"_blank\" rel=\"noreferrer noopener\"><i class='fas-solid fas-file' style='color: var(--wpem-primary-color); font-size: inherit;'><\/i> Diagnose von Waldstandorten<\/a><\/h4>\n\n\n\n<p><a href=\"https:\/\/staging.srfb.be\/wp-content\/uploads\/2019\/07\/12_Les_stations_forestieres.pptx\" target=\"_blank\" rel=\"noreferrer noopener\"><i class='fas-solid fas-download' style='color: var(--wpem-primary-color); font-size: inherit;'><\/i><\/a><\/p>\n<\/section>\n\n\n\n<section class=\"wp-block-group has-grey-color-background-color has-background has-medium-font-size is-content-justification-space-between is-nowrap is-layout-flex wp-container-core-group-is-layout-95e57954 wp-block-group-is-layout-flex\" style=\"padding-top:var(--wp--preset--spacing--40);padding-right:var(--wp--preset--spacing--60);padding-bottom:var(--wp--preset--spacing--40);padding-left:var(--wp--preset--spacing--60)\">\n<h4 class=\"wp-block-heading wp-container-content-9cfa9a5a\"><a href=\"https:\/\/staging.srfb.be\/wp-content\/uploads\/2019\/07\/12_Les_stations_forestieres.pptx\" target=\"_blank\" rel=\"noreferrer noopener\"><i class='fas-solid fas-file' style='color: var(--wpem-primary-color); font-size: inherit;'><\/i> Einen Wald verkaufen oder kaufen<\/a><\/h4>\n\n\n\n<p><a href=\"https:\/\/staging.srfb.be\/wp-content\/uploads\/2019\/07\/R1_n17_vendre_acheter_foret_V2-nouveau-logo.pdf\" target=\"_blank\" rel=\"noreferrer noopener\"><i class='fas-solid fas-download' style='color: var(--wpem-primary-color); font-size: inherit;'><\/i><\/a><\/p>\n<\/section>\n\n\n\n<hr class=\"wp-block-separator has-text-color has-grey-color-color has-alpha-channel-opacity has-grey-color-background-color has-background\" style=\"margin-top:var(--wp--preset--spacing--60);margin-bottom:var(--wp--preset--spacing--60)\"\/>\n\n\n\n<h2 class=\"wp-block-heading has-text-align-center has-large-font-size\" style=\"text-transform:uppercase\">Intermedi\u00e4r<\/h2>\n\n\n\n<section class=\"wp-block-group has-grey-color-background-color has-background has-medium-font-size is-content-justification-space-between is-nowrap is-layout-flex wp-container-core-group-is-layout-95e57954 wp-block-group-is-layout-flex\" style=\"padding-top:var(--wp--preset--spacing--40);padding-right:var(--wp--preset--spacing--60);padding-bottom:var(--wp--preset--spacing--40);padding-left:var(--wp--preset--spacing--60)\">\n<h4 class=\"wp-block-heading wp-container-content-9cfa9a5a\"><a href=\"https:\/\/staging.srfb.be\/wp-content\/uploads\/2019\/07\/3_Evaluer_budget_previsionnel_gestion_foret2.pptx\" target=\"_blank\" rel=\"noreferrer noopener\"><i class='fas-solid fas-file' style='color: var(--wpem-primary-color); font-size: inherit;'><\/i> Den Budgetvoranschlag f\u00fcr die Bewirtschaftung meines Waldes bewerten<\/a><\/h4>\n\n\n\n<p><a href=\"https:\/\/staging.srfb.be\/wp-content\/uploads\/2019\/07\/3_Evaluer_budget_previsionnel_gestion_foret2.pptx\" target=\"_blank\" rel=\"noreferrer noopener\"><i class='fas-solid fas-download' style='color: var(--wpem-primary-color); font-size: inherit;'><\/i><\/a><\/p>\n<\/section>\n\n\n\n<section class=\"wp-block-group has-grey-color-background-color has-background has-medium-font-size is-content-justification-space-between is-nowrap is-layout-flex wp-container-core-group-is-layout-95e57954 wp-block-group-is-layout-flex\" style=\"padding-top:var(--wp--preset--spacing--40);padding-right:var(--wp--preset--spacing--60);padding-bottom:var(--wp--preset--spacing--40);padding-left:var(--wp--preset--spacing--60)\">\n<h4 class=\"wp-block-heading wp-container-content-9cfa9a5a\"><a href=\"https:\/\/staging.srfb.be\/wp-content\/uploads\/2019\/07\/7a_Reconnaissance_des_essences_foresti%C3%A8res.pdf\" target=\"_blank\" rel=\"noreferrer noopener\"><i class='fas-solid fas-file' style='color: var(--wpem-primary-color); font-size: inherit;'><\/i> Erkennen von Waldbaumarten<\/a><\/h4>\n\n\n\n<p><a href=\"https:\/\/staging.srfb.be\/wp-content\/uploads\/2019\/07\/7a_Reconnaissance_des_essences_foresti%C3%A8res.pdf\" target=\"_blank\" rel=\"noreferrer noopener\"><i class='fas-solid fas-download' style='color: var(--wpem-primary-color); font-size: inherit;'><\/i><\/a><\/p>\n<\/section>\n\n\n\n<section class=\"wp-block-group has-grey-color-background-color has-background has-medium-font-size is-content-justification-space-between is-nowrap is-layout-flex wp-container-core-group-is-layout-95e57954 wp-block-group-is-layout-flex\" style=\"padding-top:var(--wp--preset--spacing--40);padding-right:var(--wp--preset--spacing--60);padding-bottom:var(--wp--preset--spacing--40);padding-left:var(--wp--preset--spacing--60)\">\n<h4 class=\"wp-block-heading wp-container-content-9cfa9a5a\"><a href=\"https:\/\/staging.srfb.be\/wp-content\/uploads\/2019\/07\/7c_Reconnaissance_des_esp%C3%A8ces_de_Fagac%C3%A9es.pdf\" target=\"_blank\" rel=\"noreferrer noopener\"><i class='fas-solid fas-file' style='color: var(--wpem-primary-color); font-size: inherit;'><\/i> Erkennen Sie die verschiedenen Arten von Buchengew\u00e4chsen (Fagaceae)<\/a><\/h4>\n\n\n\n<p><a href=\"https:\/\/staging.srfb.be\/wp-content\/uploads\/2019\/07\/7c_Reconnaissance_des_esp%C3%A8ces_de_Fagac%C3%A9es.pdf\" target=\"_blank\" rel=\"noreferrer noopener\"><i class='fas-solid fas-download' style='color: var(--wpem-primary-color); font-size: inherit;'><\/i><\/a><\/p>\n<\/section>\n\n\n\n<section class=\"wp-block-group has-grey-color-background-color has-background has-medium-font-size is-content-justification-space-between is-nowrap is-layout-flex wp-container-core-group-is-layout-95e57954 wp-block-group-is-layout-flex\" style=\"padding-top:var(--wp--preset--spacing--40);padding-right:var(--wp--preset--spacing--60);padding-bottom:var(--wp--preset--spacing--40);padding-left:var(--wp--preset--spacing--60)\">\n<h4 class=\"wp-block-heading wp-container-content-9cfa9a5a\"><a href=\"https:\/\/staging.srfb.be\/wp-content\/uploads\/2019\/07\/9_Les_besoins_des_arbres.pdf\" target=\"_blank\" rel=\"noreferrer noopener\"><i class='fas-solid fas-file' style='color: var(--wpem-primary-color); font-size: inherit;'><\/i> Die Bed\u00fcrfnisse von B\u00e4umen und ihre Bewertung<\/a><\/h4>\n\n\n\n<p><a href=\"https:\/\/staging.srfb.be\/wp-content\/uploads\/2019\/07\/9_Les_besoins_des_arbres.pdf\" target=\"_blank\" rel=\"noreferrer noopener\"><i class='fas-solid fas-download' style='color: var(--wpem-primary-color); font-size: inherit;'><\/i><\/a><\/p>\n<\/section>\n\n\n\n<section class=\"wp-block-group has-grey-color-background-color has-background has-medium-font-size is-content-justification-space-between is-nowrap is-layout-flex wp-container-core-group-is-layout-95e57954 wp-block-group-is-layout-flex\" style=\"padding-top:var(--wp--preset--spacing--40);padding-right:var(--wp--preset--spacing--60);padding-bottom:var(--wp--preset--spacing--40);padding-left:var(--wp--preset--spacing--60)\">\n<h4 class=\"wp-block-heading wp-container-content-9cfa9a5a\"><a href=\"https:\/\/staging.srfb.be\/wp-content\/uploads\/2019\/07\/13.a_taillis_es_fin_vuRM_vl.pptx\" target=\"_blank\" rel=\"noreferrer noopener\"><i class='fas-solid fas-file' style='color: var(--wpem-primary-color); font-size: inherit;'><\/i> Niederwald, Diagnose und geplante Bewirtschaftung<\/a><\/h4>\n\n\n\n<p><a href=\"https:\/\/staging.srfb.be\/wp-content\/uploads\/2019\/07\/13.a_taillis_es_fin_vuRM_vl.pptx\" target=\"_blank\" rel=\"noreferrer noopener\"><i class='fas-solid fas-download' style='color: var(--wpem-primary-color); font-size: inherit;'><\/i><\/a><\/p>\n<\/section>\n\n\n\n<section class=\"wp-block-group has-grey-color-background-color has-background has-medium-font-size is-content-justification-space-between is-nowrap is-layout-flex wp-container-core-group-is-layout-95e57954 wp-block-group-is-layout-flex\" style=\"padding-top:var(--wp--preset--spacing--40);padding-right:var(--wp--preset--spacing--60);padding-bottom:var(--wp--preset--spacing--40);padding-left:var(--wp--preset--spacing--60)\">\n<h4 class=\"wp-block-heading wp-container-content-9cfa9a5a\"><a href=\"https:\/\/staging.srfb.be\/wp-content\/uploads\/2019\/07\/13.c-futaie-reguliere_es_fin_vuRM_vl.pptx\" target=\"_blank\" rel=\"noreferrer noopener\"><i class='fas-solid fas-file' style='color: var(--wpem-primary-color); font-size: inherit;'><\/i> Der regelm\u00e4\u00dfige Hochwald, Diagnose und geplante Bewirtschaftung<\/a><\/h4>\n\n\n\n<p><a href=\"https:\/\/staging.srfb.be\/wp-content\/uploads\/2019\/07\/13.c-futaie-reguliere_es_fin_vuRM_vl.pptx\" target=\"_blank\" rel=\"noreferrer noopener\"><i class='fas-solid fas-download' style='color: var(--wpem-primary-color); font-size: inherit;'><\/i><\/a><\/p>\n<\/section>\n\n\n\n<section class=\"wp-block-group has-grey-color-background-color has-background has-medium-font-size is-content-justification-space-between is-nowrap is-layout-flex wp-container-core-group-is-layout-95e57954 wp-block-group-is-layout-flex\" style=\"padding-top:var(--wp--preset--spacing--40);padding-right:var(--wp--preset--spacing--60);padding-bottom:var(--wp--preset--spacing--40);padding-left:var(--wp--preset--spacing--60)\">\n<h4 class=\"wp-block-heading wp-container-content-9cfa9a5a\"><a href=\"https:\/\/staging.srfb.be\/wp-content\/uploads\/2019\/07\/13.d_La_futaie-irr%C3%A9guli%C3%A8re_diagnostic_et_gestions_envisag%C3%A9es.pdf\" target=\"_blank\" rel=\"noreferrer noopener\"><i class='fas-solid fas-file' style='color: var(--wpem-primary-color); font-size: inherit;'><\/i> Der unregelm\u00e4\u00dfige Hochwald, Diagnose und geplante Bewirtschaftung<\/a><\/h4>\n\n\n\n<p><a href=\"https:\/\/staging.srfb.be\/wp-content\/uploads\/2019\/07\/13.d_La_futaie-irr%C3%A9guli%C3%A8re_diagnostic_et_gestions_envisag%C3%A9es.pdf\" target=\"_blank\" rel=\"noreferrer noopener\"><i class='fas-solid fas-download' style='color: var(--wpem-primary-color); font-size: inherit;'><\/i><\/a><\/p>\n<\/section>\n\n\n\n<section class=\"wp-block-group has-grey-color-background-color has-background has-medium-font-size is-content-justification-space-between is-nowrap is-layout-flex wp-container-core-group-is-layout-95e57954 wp-block-group-is-layout-flex\" style=\"padding-top:var(--wp--preset--spacing--40);padding-right:var(--wp--preset--spacing--60);padding-bottom:var(--wp--preset--spacing--40);padding-left:var(--wp--preset--spacing--60)\">\n<h4 class=\"wp-block-heading wp-container-content-9cfa9a5a\"><a href=\"https:\/\/staging.srfb.be\/wp-content\/uploads\/2019\/07\/13.e_Principaux_types_de_peuplements_et_sylvicultures_associ%C3%A9es.pdf\" target=\"_blank\" rel=\"noreferrer noopener\"><i class='fas-solid fas-file' style='color: var(--wpem-primary-color); font-size: inherit;'><\/i> Die wichtigsten Bestandstypen und die damit verbundenen Forstwirtschaftsformen<\/a><\/h4>\n\n\n\n<p><a href=\"https:\/\/staging.srfb.be\/wp-content\/uploads\/2019\/07\/13.e_Principaux_types_de_peuplements_et_sylvicultures_associ%C3%A9es.pdf\" target=\"_blank\" rel=\"noreferrer noopener\"><i class='fas-solid fas-download' style='color: var(--wpem-primary-color); font-size: inherit;'><\/i><\/a><\/p>\n<\/section>\n\n\n\n<hr class=\"wp-block-separator has-text-color has-grey-color-color has-alpha-channel-opacity has-grey-color-background-color has-background\" style=\"margin-top:var(--wp--preset--spacing--60);margin-bottom:var(--wp--preset--spacing--60)\"\/>\n\n\n\n<h2 class=\"wp-block-heading has-text-align-center has-large-font-size\" style=\"text-transform:uppercase\">Experte<\/h2>\n\n\n\n<section class=\"wp-block-group has-grey-color-background-color has-background has-medium-font-size is-content-justification-space-between is-nowrap is-layout-flex wp-container-core-group-is-layout-95e57954 wp-block-group-is-layout-flex\" style=\"padding-top:var(--wp--preset--spacing--40);padding-right:var(--wp--preset--spacing--60);padding-bottom:var(--wp--preset--spacing--40);padding-left:var(--wp--preset--spacing--60)\">\n<h4 class=\"wp-block-heading wp-container-content-9cfa9a5a\"><a href=\"https:\/\/staging.srfb.be\/wp-content\/uploads\/2019\/07\/3_Evaluer_budget_previsionnel_gestion_foret2.pptx\" target=\"_blank\" rel=\"noreferrer noopener\"><i class='fas-solid fas-file' style='color: var(--wpem-primary-color); font-size: inherit;'><\/i> Stationen diagnostizieren<\/a><\/h4>\n\n\n\n<p><a href=\"https:\/\/staging.srfb.be\/wp-content\/uploads\/2019\/07\/11_Diagnostiquer_les_stations.pptx\" target=\"_blank\" rel=\"noreferrer noopener\"><i class='fas-solid fas-download' style='color: var(--wpem-primary-color); font-size: inherit;'><\/i><\/a><\/p>\n<\/section>\n\n\n\n<section class=\"wp-block-group has-grey-color-background-color has-background has-medium-font-size is-content-justification-space-between is-nowrap is-layout-flex wp-container-core-group-is-layout-95e57954 wp-block-group-is-layout-flex\" style=\"padding-top:var(--wp--preset--spacing--40);padding-right:var(--wp--preset--spacing--60);padding-bottom:var(--wp--preset--spacing--40);padding-left:var(--wp--preset--spacing--60)\">\n<h4 class=\"wp-block-heading wp-container-content-9cfa9a5a\"><a href=\"https:\/\/staging.srfb.be\/wp-content\/uploads\/2019\/07\/15_D%C3%A9crire_et_diagnostiquer_les_peuplements_r%C3%A9aliser_des_inventaires.pdf\" target=\"_blank\" rel=\"noreferrer noopener\"><i class='fas-solid fas-file' style='color: var(--wpem-primary-color); font-size: inherit;'><\/i> Beschreiben und Diagnostizieren von_Populationen, Durchf\u00fchren von Inventaren<\/a><\/h4>\n\n\n\n<p><a href=\"https:\/\/staging.srfb.be\/wp-content\/uploads\/2019\/07\/15_D%C3%A9crire_et_diagnostiquer_les_peuplements_r%C3%A9aliser_des_inventaires.pdf\" target=\"_blank\" rel=\"noreferrer noopener\"><i class='fas-solid fas-download' style='color: var(--wpem-primary-color); font-size: inherit;'><\/i><\/a><\/p>\n<\/section>","protected":false},"excerpt":{"rendered":"<p>D\u00e9butant Situer ma for\u00eat dans le contexte national Mes objectifs de gestion \u00c0 qui s&rsquo;adresser ? Diagnostiquer les stations foresti\u00e8res Vendre ou acheter une for\u00eat Interm\u00e9diaire \u00c9valuer le budget pr\u00e9visionnel de la gestion de ma for\u00eat Reconna\u00eetre les essences foresti\u00e8res Reconna\u00eetre les diff\u00e9rentes esp\u00e8ces de Fagac\u00e9es Les besoins des arbres et leur \u00e9valuation Le taillis, [&hellip;]<\/p>\n","protected":false},"author":18,"featured_media":0,"parent":10975,"menu_order":0,"comment_status":"closed","ping_status":"closed","template":"","meta":{"iawp_total_views":28,"footnotes":""},"category":[],"class_list":["post-8036","page","type-page","status-publish","hentry"],"_links":{"self":[{"href":"https:\/\/staging.srfb.be\/de\/wp-json\/wp\/v2\/pages\/8036","targetHints":{"allow":["GET"]}}],"collection":[{"href":"https:\/\/staging.srfb.be\/de\/wp-json\/wp\/v2\/pages"}],"about":[{"href":"https:\/\/staging.srfb.be\/de\/wp-json\/wp\/v2\/types\/page"}],"author":[{"embeddable":true,"href":"https:\/\/staging.srfb.be\/de\/wp-json\/wp\/v2\/users\/18"}],"replies":[{"embeddable":true,"href":"https:\/\/staging.srfb.be\/de\/wp-json\/wp\/v2\/comments?post=8036"}],"version-history":[{"count":0,"href":"https:\/\/staging.srfb.be\/de\/wp-json\/wp\/v2\/pages\/8036\/revisions"}],"up":[{"embeddable":true,"href":"https:\/\/staging.srfb.be\/de\/wp-json\/wp\/v2\/pages\/10975"}],"wp:attachment":[{"href":"https:\/\/staging.srfb.be\/de\/wp-json\/wp\/v2\/media?parent=8036"}],"wp:term":[{"taxonomy":"category","embeddable":true,"href":"https:\/\/staging.srfb.be\/de\/wp-json\/wp\/v2\/category?post=8036"}],"curies":[{"name":"wp","href":"https:\/\/api.w.org\/{rel}","templated":true}]}}