{"id":5916,"date":"2015-10-08T11:15:18","date_gmt":"2015-10-08T11:15:18","guid":{"rendered":"http:\/\/demo.goodlayers.com\/greennature\/?page_id=5916"},"modified":"2026-01-07T13:26:24","modified_gmt":"2026-01-07T12:26:24","slug":"assurances","status":"publish","type":"page","link":"https:\/\/staging.srfb.be\/de\/assurances\/","title":{"rendered":"Versicherungen f\u00fcr Ihren Wald"},"content":{"rendered":"<div class=\"wp-block-group is-layout-constrained wp-block-group-is-layout-constrained\" style=\"border-bottom-color:var(--wp--preset--color--vert-fonce-color);border-bottom-width:1px;padding-bottom:var(--wp--preset--spacing--60)\">\n<h2 class=\"wp-block-heading has-text-align-center\">La SRFB vous propose une assurance collective<br><mark style=\"background-color:rgba(0, 0, 0, 0)\" class=\"has-inline-color has-vert-fonce-color-color\">ZH Wald<\/mark><\/h2>\n<\/div>\n\n\n\n<div class=\"wp-block-columns is-layout-flex wp-container-core-columns-is-layout-28f84493 wp-block-columns-is-layout-flex\">\n<div class=\"wp-block-column has-grey-color-background-color has-background is-layout-flow wp-block-column-is-layout-flow\" style=\"padding-top:var(--wp--preset--spacing--60);padding-right:var(--wp--preset--spacing--60);padding-bottom:var(--wp--preset--spacing--60);padding-left:var(--wp--preset--spacing--60)\">\n<h3 class=\"wp-block-heading\">Worum geht es?<\/h3>\n\n\n\n<p>Der Eigent\u00fcmer kann zivilrechtlich haftbar gemacht werden, wenn Dritte durch einen von seinem Grundst\u00fcck herabfallenden Baum oder Ast gesch\u00e4digt werden.<\/p>\n\n\n\n<p><strong>Die SRFB bietet Ihnen als Mitglied eine kollektive Haftpflichtversicherung \u00abWald\u00bb an.&nbsp;<\/strong>Diese Versicherung wird von der K\u00f6niglichen Belgischen Forstgesellschaft bei der <a href=\"https:\/\/vivium.be\/fr\/private-individuals\/home\" target=\"_blank\" rel=\"noreferrer noopener\">Cie Vivium<\/a> \u00fcber einen unabh\u00e4ngigen Broker (FSMA 0419 138 285).<\/p>\n\n\n\n<h3 class=\"wp-block-heading\">Tarif<\/h3>\n\n\n\n<p>Dieser Service ist in den Premium-Beitrag integriert, der sich auf&nbsp;<strong>53,50\u20ac (einmalige Pauschale) + 1,34\u20ac\/ha<\/strong>&nbsp;in&nbsp;<strong>Zuschlag zu Ihrem Grundbeitrag<\/strong>. Die Haftpflichtversicherung \"Wald\" enth\u00e4lt auch eine Rechtsschutzkomponente.<\/p>\n\n\n\n<p>Verwalten Sie Ihre W\u00e4lder in aller Ruhe, versichern Sie sich in der Waldhaftpflichtversicherung!<\/p>\n<\/div>\n\n\n\n<div class=\"wp-block-column has-grey-color-background-color has-background is-layout-flow wp-block-column-is-layout-flow\" style=\"padding-top:var(--wp--preset--spacing--60);padding-right:var(--wp--preset--spacing--60);padding-bottom:var(--wp--preset--spacing--60);padding-left:var(--wp--preset--spacing--60)\">\n<div class=\"wp-block-group is-layout-constrained wp-block-group-is-layout-constrained\">\n<h3 class=\"wp-block-heading\">Versicherung aktualisieren?<\/h3>\n\n\n\n<p class=\"translation-block\">Wenn Sie Ihre Hektarzahl aktualisieren m\u00f6chten, senden Sie eine E-Mail an das KFVN-Sekretariat (<a href=\"mailto:secretariat@srfb-kbbm.be\" target=\"_self\">secretariat@srfb-kbbm.be<\/a>) und geben Sie Ihre pers\u00f6nlichen Informationen sowie die zu aktualisierenden Fl\u00e4chen an.<\/p>\n<\/div>\n\n\n\n<hr class=\"wp-block-separator has-text-color has-vert-fonce-color-color has-alpha-channel-opacity has-vert-fonce-color-background-color has-background is-style-dots\"\/>\n\n\n\n<div class=\"wp-block-group is-layout-constrained wp-block-group-is-layout-constrained\">\n<h3 class=\"wp-block-heading\">D\u00e9clarer un sinistre ?<\/h3>\n\n\n\n<p>Pour introduire une d\u00e9claration de sinistre, veuillez vous diriger vers\u00a0<a href=\"https:\/\/staging.srfb.be\/de\/assurances\/comment-declarer-votre-sinistre\/\">la proc\u00e9dure<\/a>\u00a0en ligne.<\/p>\n\n\n\n<div class=\"wp-block-buttons is-content-justification-center is-layout-flex wp-container-core-buttons-is-layout-a89b3969 wp-block-buttons-is-layout-flex\">\n<div class=\"wp-block-button\"><a class=\"wp-block-button__link has-small-font-size has-custom-font-size wp-element-button\" href=\"https:\/\/staging.srfb.be\/de\/assurances\/comment-declarer-votre-sinistre\/\"><strong>Wie melden Sie Ihren Schaden und was m\u00fcssen Sie tun?<\/strong><\/a><\/div>\n<\/div>\n<\/div>\n<\/div>\n<\/div>\n\n\n\n<div class=\"wp-block-group has-white-color has-vert-fonce-color-background-color has-text-color has-background has-link-color wp-elements-d8232a485cb579de0fbc3d8619051952 is-layout-constrained wp-container-core-group-is-layout-db32e940 wp-block-group-is-layout-constrained\" style=\"border-radius:8px;padding-top:var(--wp--preset--spacing--60);padding-right:var(--wp--preset--spacing--60);padding-bottom:var(--wp--preset--spacing--60);padding-left:var(--wp--preset--spacing--60)\">\n<div class=\"wp-block-media-text is-stacked-on-mobile is-image-fill-element\" style=\"grid-template-columns:48% auto\"><figure  class=\"wp-block-media-text__media\"><img loading=\"lazy\" decoding=\"async\" width=\"1748\" height=\"1240\" alt=\"Voiture accident\u00e9e avec un arbre - RC For\u00eat\" src=\"https:\/\/staging.srfb.be\/wp-content\/uploads\/2022\/02\/accident-rotated.jpg\" style=\"object-position:66% 36%;\" class=\"wp-image-22247 size-full\" srcset=\"https:\/\/staging.srfb.be\/wp-content\/uploads\/2022\/02\/accident-rotated.jpg 1748w, https:\/\/staging.srfb.be\/wp-content\/uploads\/2022\/02\/accident-300x213.jpg 300w, https:\/\/staging.srfb.be\/wp-content\/uploads\/2022\/02\/accident-1024x726.jpg 1024w, https:\/\/staging.srfb.be\/wp-content\/uploads\/2022\/02\/accident-768x545.jpg 768w, https:\/\/staging.srfb.be\/wp-content\/uploads\/2022\/02\/accident-1536x1090.jpg 1536w, https:\/\/staging.srfb.be\/wp-content\/uploads\/2022\/02\/accident-18x12.jpg 18w, https:\/\/staging.srfb.be\/wp-content\/uploads\/2022\/02\/accident-600x426.jpg 600w\" sizes=\"auto, (max-width: 1748px) 100vw, 1748px\" \/><\/figure><div class=\"wp-block-media-text__content\">\n<h2 class=\"wp-block-heading has-text-align-left has-white-color has-text-color has-link-color wp-elements-216902bc531df4a0bada679729d999b5\">Wie schlie\u00dfe ich eine Waldhaftpflichtversicherung ab?<\/h2>\n\n\n\n<p class=\"has-text-align-left\" style=\"font-style:normal;font-weight:700\">Unsere Waldhaftpflichtversicherung ist nur f\u00fcr SRFB-Mitglieder zug\u00e4nglich, die ihren Premiumbeitrag entrichtet haben.<\/p>\n\n\n\n<p>Holen Sie sich die Waldhaftpflicht, indem Sie die <a href=\"https:\/\/staging.srfb.be\/de\/devenir-membre\/formulaire-membre\/?cotisation=premium\">Premiumbeitrag<\/a>.<\/p>\n\n\n\n<p>Entdecken Sie die <a href=\"https:\/\/staging.srfb.be\/wp-content\/uploads\/2025\/11\/2.-MODALITES_RC_Foret_2026.pdf\" target=\"_blank\" rel=\"noreferrer noopener\">Deckungsmodalit\u00e4ten<\/a> der kollektiven Waldhaftpflichtversicherung.<\/p>\n\n\n\n<p>Laden Sie die <a href=\"\/wp-content\/uploads\/2021\/05\/VIVIUM_Generelle Bedingungen_DE.pdf\" target=\"_blank\" rel=\"noreferrer noopener\">allgemeine Bedingungen<\/a> der kollektiven Waldhaftpflichtversicherung.<\/p>\n\n\n\n<div class=\"wp-block-buttons is-content-justification-left is-layout-flex wp-container-core-buttons-is-layout-fc4fd283 wp-block-buttons-is-layout-flex\">\n<div class=\"wp-block-button\"><a class=\"wp-block-button__link has-vert-fonce-color-color has-white-background-color has-text-color has-background has-link-color wp-element-button\" href=\"\/de\/assurances\/adherer-a-la-rc-foret\/\"><span class=\"wp-rich-text-font-awesome-icon wp-font-awesome-icon\"><svg aria-hidden=\"true\" focusable=\"false\" data-prefix=\"fas\" data-icon=\"pen-clip\" class=\"svg-inline--fa fa-pen-clip\" role=\"img\" xmlns=\"http:\/\/www.w3.org\/2000\/svg\" viewbox=\"0 0 512 512\"><path fill=\"currentColor\" d=\"M453.3 19.3l39.4 39.4c25 25 25 65.5 0 90.5l-52.1 52.1 0 0-1-1 0 0-16-16-96-96-17-17 52.1-52.1c25-25 65.5-25 90.5 0zM241 114.9c-9.4-9.4-24.6-9.4-33.9 0L105 217c-9.4 9.4-24.6 9.4-33.9 0s-9.4-24.6 0-33.9L173.1 81c28.1-28.1 73.7-28.1 101.8 0L288 94.1l17 17 96 96 16 16 1 1-17 17L229.5 412.5c-48 48-109.2 80.8-175.8 94.1l-25 5c-7.9 1.6-16-.9-21.7-6.6s-8.1-13.8-6.6-21.7l5-25c13.3-66.6 46.1-127.8 94.1-175.8L254.1 128 241 114.9z\"><\/path><\/svg><\/span> Seinen Wald versichern<\/a><\/div>\n<\/div>\n<\/div><\/div>\n<\/div>","protected":false},"excerpt":{"rendered":"<p>La SRFB vous propose une assurance collectiveRC for\u00eat De quoi s\u2019agit-il ? La responsabilit\u00e9 civile du propri\u00e9taire peut \u00eatre engag\u00e9e en cas de d\u00e9g\u00e2ts caus\u00e9s aux tiers par la chute d\u2019un arbre ou d\u2019une branche de sa propri\u00e9t\u00e9. La SRFB vous propose, en tant que membre, une assurance collective RC \u00ab&nbsp;For\u00eat&nbsp;\u00bb.&nbsp;Cette assurance est souscrite par [&hellip;]<\/p>\n","protected":false},"author":18,"featured_media":22247,"parent":0,"menu_order":0,"comment_status":"closed","ping_status":"closed","template":"","meta":{"iawp_total_views":505,"footnotes":""},"category":[],"class_list":["post-5916","page","type-page","status-publish","has-post-thumbnail","hentry"],"_links":{"self":[{"href":"https:\/\/staging.srfb.be\/de\/wp-json\/wp\/v2\/pages\/5916","targetHints":{"allow":["GET"]}}],"collection":[{"href":"https:\/\/staging.srfb.be\/de\/wp-json\/wp\/v2\/pages"}],"about":[{"href":"https:\/\/staging.srfb.be\/de\/wp-json\/wp\/v2\/types\/page"}],"author":[{"embeddable":true,"href":"https:\/\/staging.srfb.be\/de\/wp-json\/wp\/v2\/users\/18"}],"replies":[{"embeddable":true,"href":"https:\/\/staging.srfb.be\/de\/wp-json\/wp\/v2\/comments?post=5916"}],"version-history":[{"count":0,"href":"https:\/\/staging.srfb.be\/de\/wp-json\/wp\/v2\/pages\/5916\/revisions"}],"wp:featuredmedia":[{"embeddable":true,"href":"https:\/\/staging.srfb.be\/de\/wp-json\/wp\/v2\/media\/22247"}],"wp:attachment":[{"href":"https:\/\/staging.srfb.be\/de\/wp-json\/wp\/v2\/media?parent=5916"}],"wp:term":[{"taxonomy":"category","embeddable":true,"href":"https:\/\/staging.srfb.be\/de\/wp-json\/wp\/v2\/category?post=5916"}],"curies":[{"name":"wp","href":"https:\/\/api.w.org\/{rel}","templated":true}]}}