{"id":36095,"date":"2024-06-25T16:41:30","date_gmt":"2024-06-25T14:41:30","guid":{"rendered":"https:\/\/srfb.be\/?page_id=36095"},"modified":"2024-06-25T16:41:32","modified_gmt":"2024-06-25T14:41:32","slug":"liste-des-debardeurs-a-cheval","status":"publish","type":"page","link":"https:\/\/staging.srfb.be\/de\/informations-sur-les-forets\/liste-des-debardeurs-a-cheval\/","title":{"rendered":"Liste der Reiterstandbilder"},"content":{"rendered":"<p>Einige Mitglieder der K\u00f6nigliche Forstverein Belgiens haben den Wunsch ge\u00e4u\u00dfert, in ihren Betrieben das Holzr\u00fccken mit Pferden einzusetzen. Diese Absicht geht jedoch h\u00e4ufig mit der Schwierigkeit einher, geeignete Anbieter zu finden.<\/p>\n\n\n\n<p>So finden Sie nebenstehend die von die Gesellschaft Meneurs erstellte Liste der berittenen Skidder. Wenn Sie trotzdem Schwierigkeiten haben, Ihre Baustelle zu organisieren, wenden Sie sich an die Gesellschaft Meneurs, die Ihnen gerne behilflich sein wird (<a href=\"https:\/\/meneurs.be\/\" target=\"_blank\" rel=\"noreferrer noopener\">https:\/\/meneurs.be\/<\/a> - <a href=\"mailto:groupemeneurs@gmail.com\">groupemeneurs@gmail.com<\/a>).<\/p>\n\n\n\n<div class=\"wp-block-buttons is-content-justification-center is-layout-flex wp-container-core-buttons-is-layout-a89b3969 wp-block-buttons-is-layout-flex\">\n<div class=\"wp-block-button\"><a class=\"wp-block-button__link wp-element-button\" href=\"https:\/\/staging.srfb.be\/wp-content\/uploads\/2024\/04\/debardeurs-Silva-2-2024.pdf\" target=\"_blank\" rel=\"noreferrer noopener\">Liste der Anbieter ansehen<\/a><\/div>\n<\/div>\n\n\n\n<h2 class=\"wp-block-heading has-text-align-center has-vert-fonce-color-color has-text-color has-link-color wp-elements-53a8d250502f8ce7c0a5a3e615eb6d53\" style=\"margin-top:var(--wp--preset--spacing--80);margin-bottom:var(--wp--preset--spacing--60);text-transform:uppercase\">Was ist Die Mission von Meneurs ASBL?<\/h2>\n\n\n\n<div class=\"wp-block-media-text is-stacked-on-mobile is-image-fill\" style=\"grid-template-columns:35% auto\"><figure class=\"wp-block-media-text__media\" style=\"background-image:url(https:\/\/staging.srfb.be\/wp-content\/uploads\/2024\/04\/debardeurs-1024x782.jpg);background-position:0% 34%\"><img loading=\"lazy\" decoding=\"async\" width=\"1024\" height=\"782\" src=\"https:\/\/staging.srfb.be\/wp-content\/uploads\/2024\/04\/debardeurs-1024x782.jpg\" alt=\"D\u00e9bardages en for\u00eat\" class=\"wp-image-36081 size-full\" srcset=\"https:\/\/staging.srfb.be\/wp-content\/uploads\/2024\/04\/debardeurs-1024x782.jpg 1024w, https:\/\/staging.srfb.be\/wp-content\/uploads\/2024\/04\/debardeurs-300x229.jpg 300w, https:\/\/staging.srfb.be\/wp-content\/uploads\/2024\/04\/debardeurs-16x12.jpg 16w, https:\/\/staging.srfb.be\/wp-content\/uploads\/2024\/04\/debardeurs-600x458.jpg 600w\" sizes=\"auto, (max-width: 1024px) 100vw, 1024px\" \/><\/figure><div class=\"wp-block-media-text__content\">\n<h3 class=\"wp-block-heading\" style=\"margin-top:0\"><strong>Der Verein<\/strong> Anf\u00fchrer<strong> hat die Erforschung und Entwicklung der tierischen Zugkraft zum Ziel.<\/strong><\/h3>\n\n\n\n<ul class=\"wp-block-list\">\n<li>Der Verein kann alle Handlungen vornehmen, die sich direkt oder indirekt auf diesen Zweck beziehen;<\/li>\n\n\n\n<li>Sie kann insbesondere Unterst\u00fctzung leisten und sich f\u00fcr jede T\u00e4tigkeit interessieren, die ihrem Zweck \u00e4hnlich ist;<\/li>\n\n\n\n<li>Als Vermittler f\u00fcr andere Vereinigungen oder Gesellschaften mit demselben oder einem \u00e4hnlichen Gesellschaftszweck fungieren;<\/li>\n\n\n\n<li>Forschung im Bereich Tiertraktion, Beratung von \u00f6ffentlichen und privaten Organisationen hinsichtlich des Einsatzes von Tiertraktion, Ausbildung von Fahrern und\/oder Tieren (Pferde, Esel, Maultiere, Ochsen, ...), Beritt, Entwicklung und Bau von Werkzeugen, Zentrale f\u00fcr den Verleih\/Austausch von Werkzeugen, Plattform f\u00fcr Austausch und Technik, Organisation von Kongressen und Seminaren.<\/li>\n\n\n\n<li>Die T\u00e4tigkeiten k\u00f6nnen im Rahmen der Forstwirtschaft, der Waldarbeit, des Gem\u00fcseanbaus, der landwirtschaftlichen Arbeiten, der Weinbauarbeiten, der Tourismusaktivit\u00e4ten, ... stattfinden.<\/li>\n\n\n\n<li>Die Aufz\u00e4hlung ist beispielhaft und nicht ersch\u00f6pfend.<\/li>\n<\/ul>\n<\/div><\/div>","protected":false},"excerpt":{"rendered":"<p>Certains membres de la Soci\u00e9t\u00e9 Royale Foresti\u00e8re de Belgique ont exprim\u00e9 le souhait d&rsquo;utiliser le d\u00e9bardage \u00e0 cheval dans leurs exploitations. Cependant, cette intention s&rsquo;accompagne souvent d&rsquo;une difficult\u00e9 \u00e0 trouver les prestataires ad\u00e9quats. Ainsi, vous trouverez ci-contre la liste des d\u00e9bardeurs \u00e0 cheval \u00e9tablie par l&rsquo;asbl Meneurs. Si vous avez malgr\u00e9 tout des difficult\u00e9s \u00e0 [&hellip;]<\/p>\n","protected":false},"author":18,"featured_media":36081,"parent":4294,"menu_order":0,"comment_status":"closed","ping_status":"closed","template":"","meta":{"iawp_total_views":27,"footnotes":""},"category":[],"class_list":["post-36095","page","type-page","status-publish","has-post-thumbnail","hentry"],"_links":{"self":[{"href":"https:\/\/staging.srfb.be\/de\/wp-json\/wp\/v2\/pages\/36095","targetHints":{"allow":["GET"]}}],"collection":[{"href":"https:\/\/staging.srfb.be\/de\/wp-json\/wp\/v2\/pages"}],"about":[{"href":"https:\/\/staging.srfb.be\/de\/wp-json\/wp\/v2\/types\/page"}],"author":[{"embeddable":true,"href":"https:\/\/staging.srfb.be\/de\/wp-json\/wp\/v2\/users\/18"}],"replies":[{"embeddable":true,"href":"https:\/\/staging.srfb.be\/de\/wp-json\/wp\/v2\/comments?post=36095"}],"version-history":[{"count":0,"href":"https:\/\/staging.srfb.be\/de\/wp-json\/wp\/v2\/pages\/36095\/revisions"}],"up":[{"embeddable":true,"href":"https:\/\/staging.srfb.be\/de\/wp-json\/wp\/v2\/pages\/4294"}],"wp:featuredmedia":[{"embeddable":true,"href":"https:\/\/staging.srfb.be\/de\/wp-json\/wp\/v2\/media\/36081"}],"wp:attachment":[{"href":"https:\/\/staging.srfb.be\/de\/wp-json\/wp\/v2\/media?parent=36095"}],"wp:term":[{"taxonomy":"category","embeddable":true,"href":"https:\/\/staging.srfb.be\/de\/wp-json\/wp\/v2\/category?post=36095"}],"curies":[{"name":"wp","href":"https:\/\/api.w.org\/{rel}","templated":true}]}}