{"id":32405,"date":"2023-07-18T16:53:48","date_gmt":"2023-07-18T14:53:48","guid":{"rendered":"https:\/\/srfb.be\/?page_id=32405"},"modified":"2025-12-09T17:30:52","modified_gmt":"2025-12-09T16:30:52","slug":"adherer-a-la-rc-foret","status":"publish","type":"page","link":"https:\/\/staging.srfb.be\/de\/assurances\/adherer-a-la-rc-foret\/","title":{"rendered":"Beitritt zur ZH Wald"},"content":{"rendered":"\n\n\n<div class=\"wp-block-columns hidden is-layout-flex wp-container-core-columns-is-layout-eae7a11e wp-block-columns-is-layout-flex\" style=\"margin-top:var(--wp--preset--spacing--80);margin-bottom:var(--wp--preset--spacing--80);padding-right:var(--wp--preset--spacing--60);padding-left:var(--wp--preset--spacing--60)\">\n<div class=\"wp-block-column has-border-color has-vert-claire-color-border-color is-layout-flow wp-block-column-is-layout-flow\" style=\"border-width:3px;padding-top:var(--wp--preset--spacing--40);padding-right:var(--wp--preset--spacing--40);padding-bottom:var(--wp--preset--spacing--40);padding-left:var(--wp--preset--spacing--40)\">\n<h2 class=\"wp-block-heading has-text-align-center has-vert-fonce-color-color has-text-color has-link-color wp-elements-3bdf5b75180316a40e903eb45f4aa4d3\" style=\"text-transform:uppercase\">Devenir<br>membre Premium<\/h2>\n\n\n\n<p class=\"has-text-align-center\">Vous souhaitez devenir membre de la SRFB et b\u00e9n\u00e9ficier de tous nos services y compris l&rsquo;assurance RC For\u00eat ?<\/p>\n\n\n\n<p class=\"has-text-align-right has-orange-color-color has-text-color has-link-color wp-elements-911885f4bbd5fd0b3183e74e5e330ece\"><em><a href=\"https:\/\/staging.srfb.be\/devenir-membre\/formulaire-membre\/?cotisation=premium\">Remplir le formulaire <i class='fas-solid fas-arrow-right-long' style='color: var(--wpem-primary-color); font-size: inherit;'><\/i><\/a><\/em><\/p>\n<\/div>\n\n\n\n<div class=\"wp-block-column has-border-color has-vert-claire-color-border-color is-layout-flow wp-block-column-is-layout-flow\" style=\"border-width:3px;padding-top:var(--wp--preset--spacing--40);padding-right:var(--wp--preset--spacing--40);padding-bottom:var(--wp--preset--spacing--40);padding-left:var(--wp--preset--spacing--40)\">\n<h2 class=\"wp-block-heading has-text-align-center has-vert-fonce-color-color has-text-color has-link-color wp-elements-7cfbe90eb3c110afa0e7615950d3ba80\" style=\"text-transform:uppercase\">Changer<br>ma cotisation<\/h2>\n\n\n\n<p class=\"has-text-align-center\">Passer de la cotisation de base \u00e0 la premium plus rapidement<\/p>\n\n\n\n<p class=\"has-text-align-right has-orange-color-color has-text-color has-link-color wp-elements-0fe750e07694dc785024728ace2ecd82\"><em><a href=\"https:\/\/staging.srfb.be\/devenir-membre\/changer-de-formule-de-cotisation\/\">Modifier ma cotisation actuelle <i class='fas-solid fas-arrow-right-long' style='color: var(--wpem-primary-color); font-size: inherit;'><\/i><\/a><\/em><\/p>\n<\/div>\n<\/div>\n\n\n\n<div class=\"wp-block-group is-layout-constrained wp-container-core-group-is-layout-98c82f7a wp-block-group-is-layout-constrained\" style=\"margin-top:var(--wp--preset--spacing--60);margin-bottom:var(--wp--preset--spacing--60)\"><div class='fluentform ff-default fluentform_wrapper_43  ff_guten_block ff_guten_block-43 ffs_custom_wrap'><form data-form_id=\"43\" id=\"fluentform_43\" class=\"frm-fluent-form fluent_form_43 ff-el-form-top ff_form_instance_43_1 ff-form-loading ffs_custom\" data-form_instance=\"ff_form_instance_43_1\" method=\"POST\" ><fieldset  style=\"border: none!important;margin: 0!important;padding: 0!important;background-color: transparent!important;box-shadow: none!important;outline: none!important; min-inline-size: 100%;\">\n                    <legend class=\"ff_screen_reader_title\" style=\"display: block; margin: 0!important;padding: 0!important;height: 0!important;text-indent: -999999px;width: 0!important;overflow:hidden;\">RC For\u00eat<\/legend><p style=\"display: none !important;\" class=\"akismet-fields-container\" data-prefix=\"ak_\"><label>&#916;<textarea name=\"ak_hp_textarea\" cols=\"45\" rows=\"8\" maxlength=\"100\"><\/textarea><\/label><input type=\"hidden\" id=\"ak_js_1\" name=\"ak_js\" value=\"212\"\/><script>document.getElementById( \"ak_js_1\" ).setAttribute( \"value\", ( new Date() ).getTime() );<\/script><\/p><input type='hidden' name='__fluent_form_embded_post_id' value='32405' \/><input type=\"hidden\" id=\"_fluentform_43_fluentformnonce\" name=\"_fluentform_43_fluentformnonce\" value=\"065840cbff\" \/><input type=\"hidden\" name=\"_wp_http_referer\" value=\"\/de\/wp-json\/wp\/v2\/pages\/32405\" \/><div class=\"ff-el-group ff-el-section-break  ff_center\" data-name=\"section_break-43_1\" ><h3 class='ff-el-section-title'>Formulaire d&rsquo;adh\u00e9sion Responsabilit\u00e9 Civile Foresti\u00e8re (RC For\u00eat)<\/h3><div class='ff-section_break_desk'><p>Si vous \u00eates d\u00e9j\u00e0 membre de la SRFB et d\u00e9sirez adh\u00e9rer \u00e0 notre assurance collective RC \u00ab For\u00eat \u00bb, veuillez remplir le formulaire ci-dessous ou nous retournez la <a href=\"\/wp-content\/uploads\/2022\/02\/Formulaire_RC.pdf\" target=\"_blank\" rel=\"noopener noreferrer\">version PDF<\/a>.<\/p><\/div><hr \/><\/div><div class='ff-el-group  ff-custom_html' tabindex='-1' data-name=\"custom_html-43_2\" ><h4 style=\"text-align: center\">Informations du membre<\/h4><\/div><div data-type=\"name-element\" data-name=\"names\" class=\" ff-field_container ff-name-field-wrapper\" ><div class='ff-t-container'><div class='ff-t-cell '><div class='ff-el-group  ff-el-form-top'><div class=\"ff-el-input--label ff-el-is-required asterisk-right\"><label for='ff_43_names_first_name_' id='label_ff_43_names_first_name_' >Pr\u00e9nom<\/label><\/div><div class='ff-el-input--content'><input type=\"text\" name=\"names[first_name]\" id=\"ff_43_names_first_name_\" class=\"ff-el-form-control\" placeholder=\"Pr\u00e9nom\" aria-invalid=\"false\" aria-required=true><\/div><\/div><\/div><div class='ff-t-cell '><div class='ff-el-group  ff-el-form-top'><div class=\"ff-el-input--label ff-el-is-required asterisk-right\"><label for='ff_43_names_last_name_' id='label_ff_43_names_last_name_' >Nom de famille<\/label><\/div><div class='ff-el-input--content'><input type=\"text\" name=\"names[last_name]\" id=\"ff_43_names_last_name_\" class=\"ff-el-form-control\" placeholder=\"Nom de famille\" aria-invalid=\"false\" aria-required=true><\/div><\/div><\/div><\/div><\/div><div data-name=\"ff_cn_id_1\"  class='ff-t-container ff-column-container ff_columns_total_2 '><div class='ff-t-cell ff-t-column-1' style='flex-basis: 50%;'><div class='ff-el-group'><div class=\"ff-el-input--label ff-el-is-required asterisk-right\"><label for='ff_43_email' id='label_ff_43_email' aria-label=\"E-mail\">E-mail<\/label><\/div><div class='ff-el-input--content'><input type=\"email\" name=\"email\" id=\"ff_43_email\" class=\"ff-el-form-control\" placeholder=\"E-mail\" data-name=\"email\"  aria-invalid=\"false\" aria-required=true><\/div><\/div><\/div><div class='ff-t-cell ff-t-column-2' style='flex-basis: 50%;'><div class='ff-el-group'><div class=\"ff-el-input--label ff-el-is-required asterisk-right\"><label for='ff_43_number_member' id='label_ff_43_number_member' aria-label=\"Num\u00e9ro de membre\">Num\u00e9ro de membre<\/label><\/div><div class='ff-el-input--content'><input type=\"text\" name=\"number_member\" class=\"ff-el-form-control\" placeholder=\"Votre num\u00e9ro de membre\" data-name=\"number_member\" id=\"ff_43_number_member\"  aria-invalid=\"false\" aria-required=true><\/div><\/div><\/div><\/div><div class='ff-el-group  ff-custom_html' tabindex='-1' data-name=\"custom_html-43_3\" ><p style=\"text-align: center\"><em>Si vous n\u2019\u00eates pas membre de la SRFB, il vous suffit de compl\u00e9ter notre\u00a0<a href=\"\/devenir-membre\/formulaire-membre\/?cotisation=premium\">formulaire en ligne<\/a>.<\/em><\/p><\/div><div class='ff-el-group  ff-custom_html' tabindex='-1' data-name=\"custom_html-43_4\" ><h4 style=\"text-align: center\">Parcelles \u00e0 assurer<\/h4><\/div><div class='ff-el-group center ff_list_buttons'><div class=\"ff-el-input--label ff-el-is-required asterisk-right\"><label   aria-label=\"Encoder mon patrimoine\">Encoder mon patrimoine<\/label><\/div><div class='ff-el-input--content'><div class='ff-el-form-check ff-el-form-check-'><label class='ff-el-form-check-label' for='encodage_cae14b4eae90904c6d3415c3289a62c9'><input  type=\"radio\" name=\"encodage\" data-name=\"encodage\" class=\"ff-el-form-check-input ff-el-form-check-radio\" value=\"Manuellement\"  id='encodage_cae14b4eae90904c6d3415c3289a62c9' aria-label='Manuellement' aria-invalid='false' aria-required=true> <span>Manuellement<\/span><\/label><\/div><div class='ff-el-form-check ff-el-form-check-'><label class='ff-el-form-check-label' for='encodage_67dc0cdf0a92d3a6e27e2776d5f0e5ea'><input  type=\"radio\" name=\"encodage\" data-name=\"encodage\" class=\"ff-el-form-check-input ff-el-form-check-radio\" value=\"Via un fichier Excel\"  id='encodage_67dc0cdf0a92d3a6e27e2776d5f0e5ea' aria-label='Via un fichier Excel' aria-invalid='false' aria-required=true> <span>Via un fichier Excel<\/span><\/label><\/div><\/div><\/div><div class='ff-el-group  ff-custom_html' tabindex='-1' data-name=\"custom_html-43_5\" ><h5><em>Note<\/em><\/h5>\n<p><em>Les conjoints ou parents au 1er et 2e degr\u00e9 peuvent souscrire une police unique pour l\u2019ensemble de leurs propri\u00e9t\u00e9s foresti\u00e8res.<\/em><\/p>\n<p><em>L\u2019assurance prend cours \u00e0 la date du paiement des cotisations (base et Premium).<\/em><\/p>\n<p><em>En cas de sinistre, veuillez nous aviser par \u00e9crit, dans les 48 heures. <\/em><\/p><\/div><div class='ff-el-group    ff-el-input--content'><div class='ff-el-form-check ff-el-tc'><label aria-label='Je d\u00e9clare \u00eatre membre ou devenir membre de la Soci\u00e9t\u00e9 Royale Foresti\u00e8re de Belgique et \u00eatre en r\u00e8gle de cotisation aupr\u00e8s de ladite association.' class='ff-el-form-check-label ff_tc_label' for=agree_be_member_bfa783234d7e32d1dc3155dbe04ef5cc><span class='ff_tc_checkbox'><input type=\"checkbox\" name=\"agree_be_member\" class=\"ff-el-form-check-input ff_gdpr_field\" data-name=\"agree_be_member\" id=\"agree_be_member_bfa783234d7e32d1dc3155dbe04ef5cc\"  value='on' aria-invalid='false' aria-required=true><\/span> <div class='ff_t_c'>Je d\u00e9clare \u00eatre membre ou devenir membre de la Soci\u00e9t\u00e9 Royale Foresti\u00e8re de Belgique et \u00eatre en r\u00e8gle de cotisation aupr\u00e8s de ladite association.<\/div><\/label><\/div><\/div><div class='ff-el-group    ff-el-input--content'><div class='ff-el-form-check ff-el-tc'><label aria-label='Terms and Conditions: Je d\u00e9clare avoir pris connaissance du texte de la police collective R.C. For\u00eat et en accepter toutes les conditions particuli\u00e8res et g\u00e9n\u00e9rales. Contains 2 links. Use tab navigation to review.' class='ff-el-form-check-label ff_tc_label' for=agree_know_rules_rcforet_b5392818baae6938dcf3e2378a690028><span class='ff_tc_checkbox'><input type=\"checkbox\" name=\"agree_know_rules_rcforet\" class=\"ff-el-form-check-input\" data-name=\"agree_know_rules_rcforet\" id=\"agree_know_rules_rcforet_b5392818baae6938dcf3e2378a690028\"  value='on' aria-invalid='false' aria-required=true><\/span> <div class='ff_t_c'><p>Je d\u00e9clare avoir pris connaissance du texte de la police collective R.C. For\u00eat et en accepter toutes les conditions <a href=\"\/wp-content\/uploads\/2022\/02\/conditions_particuli%C3%A8res.pdf\" target=\"_blank\" rel=\"noopener\">particuli\u00e8res<\/a> et <a href=\"\/wp-content\/uploads\/2021\/05\/VIVIUM_ConditionsGenerales_FR.pdf\" target=\"_blank\" rel=\"noopener\">g\u00e9n\u00e9rales<\/a>.<\/p><\/div><\/label><\/div><\/div><div class='ff-el-group    ff-el-input--content'><div class='ff-el-form-check ff-el-tc'><label aria-label='Je d\u00e9clare avoir mentionn\u00e9 ci-dessus la superficie totale de mes propri\u00e9t\u00e9s bois\u00e9es en Belgique. Cette d\u00e9claration constitue un \u00e9l\u00e9ment essentiel de la police, sous peine de d\u00e9ch\u00e9ance.' class='ff-el-form-check-label ff_tc_label' for=agree_superficie_6d8aa788571c53c7c4c526675e029a08><span class='ff_tc_checkbox'><input type=\"checkbox\" name=\"agree_superficie\" class=\"ff-el-form-check-input ff_gdpr_field\" data-name=\"agree_superficie\" id=\"agree_superficie_6d8aa788571c53c7c4c526675e029a08\"  value='on' aria-invalid='false' aria-required=true><\/span> <div class='ff_t_c'>Je d\u00e9clare avoir mentionn\u00e9 ci-dessus la superficie totale de mes propri\u00e9t\u00e9s bois\u00e9es en Belgique. Cette d\u00e9claration constitue un \u00e9l\u00e9ment essentiel de la police, sous peine de d\u00e9ch\u00e9ance.<\/div><\/label><\/div><\/div><div class='ff-el-group    ff-el-input--content'><div class='ff-el-form-check ff-el-tc'><label aria-label='Je d\u00e9clare verser ce jour le montant de ma cotisation Premium (voir point 6 des conditions particuli\u00e8res). La cotisation Premium pour l\u2019ann\u00e9e en cours est \u00e0 verser au compte BE71 310-0437550-69 de la Soci\u00e9t\u00e9 Royale Foresti\u00e8re de Belgique.' class='ff-el-form-check-label ff_tc_label' for=agree_pay_e0961e334abc0ae919df94564fe6e264><span class='ff_tc_checkbox'><input type=\"checkbox\" name=\"agree_pay\" class=\"ff-el-form-check-input ff_gdpr_field\" data-name=\"agree_pay\" id=\"agree_pay_e0961e334abc0ae919df94564fe6e264\"  value='on' aria-invalid='false' aria-required=true><\/span> <div class='ff_t_c'>Je d\u00e9clare verser ce jour le montant de ma cotisation Premium (voir point 6 des conditions particuli\u00e8res). La cotisation Premium pour l\u2019ann\u00e9e en cours est \u00e0 verser au compte BE71 310-0437550-69 de la Soci\u00e9t\u00e9 Royale Foresti\u00e8re de Belgique.<\/div><\/label><\/div><\/div><div class='ff-el-group ff-text-right ff_submit_btn_wrapper ff_submit_btn_wrapper_custom'><button class=\"ff-btn ff-btn-submit ff-btn-md ff_btn_style\" type=\"submit\" name=\"custom_submit_button-43_6\" data-name=\"custom_submit_button-43_6\"  aria-label=\"Assurer sa for\u00eat !\">Assurer sa for\u00eat !<\/button><style>form.fluent_form_43 .ff-btn-submit { background-color: #1a7efb; color: #ffffff; }<\/style><\/div><\/fieldset><\/form><div id='fluentform_43_errors' class='ff-errors-in-stack ff_form_instance_43_1 ff-form-loading_errors ff_form_instance_43_1_errors'><\/div><\/div>            <script type=\"text\/javascript\">\n                window.fluent_form_ff_form_instance_43_1 = {\"id\":\"43\",\"ajaxUrl\":\"https:\\\/\\\/staging.srfb.be\\\/wp-admin\\\/admin-ajax.php\",\"settings\":{\"layout\":{\"labelPlacement\":\"top\",\"helpMessagePlacement\":\"with_label\",\"errorMessagePlacement\":\"inline\",\"asteriskPlacement\":\"asterisk-right\"},\"restrictions\":{\"denyEmptySubmission\":{\"enabled\":false}}},\"form_instance\":\"ff_form_instance_43_1\",\"form_id_selector\":\"fluentform_43\",\"rules\":{\"names[first_name]\":{\"required\":{\"value\":true,\"message\":\"Ce champ est obligatoire\",\"global\":false,\"global_message\":\"Ce champ est obligatoire\"}},\"names[middle_name]\":{\"required\":{\"value\":false,\"message\":\"Ce champ est obligatoire\",\"global\":false,\"global_message\":\"Ce champ est obligatoire\"}},\"names[last_name]\":{\"required\":{\"value\":true,\"message\":\"Ce champ est obligatoire\",\"global\":false,\"global_message\":\"Ce champ est obligatoire\"}},\"email\":{\"required\":{\"value\":true,\"message\":\"Ce champ est obligatoire\",\"global\":false,\"global_message\":\"Ce champ est obligatoire\"},\"email\":{\"value\":true,\"message\":\"Ce champ doit contenir un e-mail valide\",\"global\":false,\"global_message\":\"Ce champ doit contenir un courriel valide\"}},\"number_member\":{\"required\":{\"value\":true,\"message\":\"Ce champ est obligatoire\",\"global\":false,\"global_message\":\"Ce champ est obligatoire\"}},\"encodage\":{\"required\":{\"value\":true,\"message\":\"Ce champ est obligatoire\",\"global_message\":\"Ce champ est obligatoire\",\"global\":true}},\"file_parcelle\":{\"required\":{\"value\":true,\"message\":\"Ce champ est obligatoire\",\"global_message\":\"Ce champ est obligatoire\",\"global\":true},\"max_file_size\":{\"value\":3145728,\"_valueFrom\":\"MB\",\"message\":\"La validation \\u00e9choue pour la taille maximale du fichier\",\"global_message\":\"La validation \\u00e9choue pour la taille maximale du fichier\",\"global\":true},\"max_file_count\":{\"value\":\"5\",\"message\":\"La validation \\u00e9choue pour le nombre maximal de fichiers\",\"global_message\":\"La validation \\u00e9choue pour le nombre maximal de fichiers\",\"global\":true},\"allowed_file_types\":{\"value\":[\"pdf\",\"doc|ppt|pps|xls|mdb|docx|xlsx|pptx|odt|odp|ods|odg|odc|odb|odf|rtf|txt\",\"csv\"],\"message\":\"Type de fichier non valide\",\"global_message\":\"Les types d\\u2019images autoris\\u00e9s ne correspondent pas\",\"global\":true}},\"parcelles[0]\":{\"required\":{\"value\":true,\"message\":\"Ce champ est obligatoire\",\"global_message\":\"Ce champ est obligatoire\",\"global\":true}},\"parcelles[1]\":{\"required\":{\"value\":true,\"message\":\"Ce champ est obligatoire\",\"global_message\":\"Ce champ est obligatoire\",\"global\":true}},\"parcelles[2]\":{\"required\":{\"value\":true,\"message\":\"Ce champ est obligatoire\",\"global_message\":\"Ce champ est obligatoire\",\"global\":true}},\"parcelles[3]\":{\"required\":{\"value\":true,\"message\":\"Ce champ est obligatoire\",\"global_message\":\"Ce champ est obligatoire\",\"global\":true}},\"parcelles[4]\":{\"required\":{\"value\":true,\"message\":\"Ce champ est obligatoire\",\"global_message\":\"Ce champ est obligatoire\",\"global\":true}},\"parcelles[5]\":{\"required\":{\"value\":true,\"message\":\"Ce champ est obligatoire\",\"global_message\":\"Ce champ est obligatoire\",\"global\":true}},\"parcelles[6]\":{\"required\":{\"value\":true,\"message\":\"Ce champ est obligatoire\",\"global_message\":\"Ce champ est obligatoire\",\"global\":true}},\"parcelles[7]\":{\"required\":{\"value\":true,\"message\":\"Ce champ est obligatoire\",\"global_message\":\"Ce champ est obligatoire\",\"global\":true}},\"parcelles[8]\":{\"required\":{\"value\":true,\"message\":\"Ce champ est obligatoire\",\"global_message\":\"Ce champ est obligatoire\",\"global\":true},\"numeric\":{\"value\":true,\"message\":\"Ce champ doit contenir une valeur num\\u00e9rique\",\"global_message\":\"Ce champ doit contenir une valeur num\\u00e9rique\",\"global\":true},\"min\":{\"value\":\"\",\"message\":\"La validation \\u00e9choue pour la valeur minimale\",\"global_message\":\"La validation \\u00e9choue pour la valeur minimale\",\"global\":true},\"max\":{\"value\":\"\",\"message\":\"La validation \\u00e9choue pour la valeur maximale\",\"global_message\":\"La validation \\u00e9choue pour la valeur maximale\",\"global\":true},\"digits\":{\"value\":\"\",\"message\":\"La validation \\u00e9choue pour les chiffres limit\\u00e9s\",\"global_message\":\"La validation \\u00e9choue pour les chiffres limit\\u00e9s\",\"global\":true}},\"agree_be_member\":{\"required\":{\"value\":true,\"message\":\"Ce champ est obligatoire\",\"global\":false,\"global_message\":\"Ce champ est obligatoire\"}},\"agree_know_rules_rcforet\":{\"required\":{\"value\":true,\"message\":\"Ce champ est obligatoire\",\"global\":false,\"global_message\":\"Ce champ est obligatoire\"}},\"agree_superficie\":{\"required\":{\"value\":true,\"message\":\"Ce champ est obligatoire\",\"global\":false,\"global_message\":\"Ce champ est obligatoire\"}},\"agree_pay\":{\"required\":{\"value\":true,\"message\":\"Ce champ est obligatoire\",\"global\":false,\"global_message\":\"Ce champ est obligatoire\"}}},\"debounce_time\":300,\"conditionals\":{\"file_parcelle\":{\"type\":\"group\",\"status\":true,\"conditions\":[{\"field\":\"\",\"value\":\"\",\"operator\":\"\"}],\"condition_groups\":[{\"rules\":[{\"field\":\"encodage\",\"value\":\"Via un fichier Excel\",\"operator\":\"=\"}],\"title\":\"\",\"isEditingTitle\":false,\"isPreviewOpen\":false,\"isGroupOpen\":true}]},\"ff_cn_id_2\":{\"type\":\"group\",\"status\":true,\"conditions\":[{\"field\":\"\",\"value\":\"\",\"operator\":\"\"}],\"condition_groups\":[{\"rules\":[{\"field\":\"encodage\",\"value\":\"Manuellement\",\"operator\":\"=\"}],\"title\":\"\",\"isEditingTitle\":false,\"isPreviewOpen\":false,\"isGroupOpen\":true}]},\"parcelles_condition_0_0\":{\"conditions\":[],\"status\":false,\"type\":\"any\",\"container_condition\":{\"type\":\"group\",\"status\":true,\"conditions\":[{\"field\":\"\",\"value\":\"\",\"operator\":\"\"}],\"condition_groups\":[{\"rules\":[{\"field\":\"encodage\",\"value\":\"Manuellement\",\"operator\":\"=\"}],\"title\":\"\",\"isEditingTitle\":false,\"isPreviewOpen\":false,\"isGroupOpen\":true}]}},\"parcelles_condition_0_1\":{\"conditions\":[],\"status\":false,\"type\":\"any\",\"container_condition\":{\"type\":\"group\",\"status\":true,\"conditions\":[{\"field\":\"\",\"value\":\"\",\"operator\":\"\"}],\"condition_groups\":[{\"rules\":[{\"field\":\"encodage\",\"value\":\"Manuellement\",\"operator\":\"=\"}],\"title\":\"\",\"isEditingTitle\":false,\"isPreviewOpen\":false,\"isGroupOpen\":true}]}},\"parcelles_condition_0_2\":{\"conditions\":[],\"status\":false,\"type\":\"any\",\"container_condition\":{\"type\":\"group\",\"status\":true,\"conditions\":[{\"field\":\"\",\"value\":\"\",\"operator\":\"\"}],\"condition_groups\":[{\"rules\":[{\"field\":\"encodage\",\"value\":\"Manuellement\",\"operator\":\"=\"}],\"title\":\"\",\"isEditingTitle\":false,\"isPreviewOpen\":false,\"isGroupOpen\":true}]}},\"parcelles_condition_1_0\":{\"conditions\":[],\"status\":false,\"type\":\"any\",\"container_condition\":{\"type\":\"group\",\"status\":true,\"conditions\":[{\"field\":\"\",\"value\":\"\",\"operator\":\"\"}],\"condition_groups\":[{\"rules\":[{\"field\":\"encodage\",\"value\":\"Manuellement\",\"operator\":\"=\"}],\"title\":\"\",\"isEditingTitle\":false,\"isPreviewOpen\":false,\"isGroupOpen\":true}]}},\"parcelles_condition_1_1\":{\"conditions\":[],\"status\":false,\"type\":\"any\",\"container_condition\":{\"type\":\"group\",\"status\":true,\"conditions\":[{\"field\":\"\",\"value\":\"\",\"operator\":\"\"}],\"condition_groups\":[{\"rules\":[{\"field\":\"encodage\",\"value\":\"Manuellement\",\"operator\":\"=\"}],\"title\":\"\",\"isEditingTitle\":false,\"isPreviewOpen\":false,\"isGroupOpen\":true}]}},\"parcelles_condition_1_2\":{\"conditions\":[],\"status\":false,\"type\":\"any\",\"container_condition\":{\"type\":\"group\",\"status\":true,\"conditions\":[{\"field\":\"\",\"value\":\"\",\"operator\":\"\"}],\"condition_groups\":[{\"rules\":[{\"field\":\"encodage\",\"value\":\"Manuellement\",\"operator\":\"=\"}],\"title\":\"\",\"isEditingTitle\":false,\"isPreviewOpen\":false,\"isGroupOpen\":true}]}},\"parcelles_condition_2_0\":{\"conditions\":[],\"status\":false,\"type\":\"any\",\"container_condition\":{\"type\":\"group\",\"status\":true,\"conditions\":[{\"field\":\"\",\"value\":\"\",\"operator\":\"\"}],\"condition_groups\":[{\"rules\":[{\"field\":\"encodage\",\"value\":\"Manuellement\",\"operator\":\"=\"}],\"title\":\"\",\"isEditingTitle\":false,\"isPreviewOpen\":false,\"isGroupOpen\":true}]}},\"parcelles_condition_2_1\":{\"conditions\":[],\"status\":false,\"type\":\"any\",\"container_condition\":{\"type\":\"group\",\"status\":true,\"conditions\":[{\"field\":\"\",\"value\":\"\",\"operator\":\"\"}],\"condition_groups\":[{\"rules\":[{\"field\":\"encodage\",\"value\":\"Manuellement\",\"operator\":\"=\"}],\"title\":\"\",\"isEditingTitle\":false,\"isPreviewOpen\":false,\"isGroupOpen\":true}]}},\"parcelles_condition_2_2\":{\"conditions\":[],\"status\":false,\"type\":\"any\",\"container_condition\":{\"type\":\"group\",\"status\":true,\"conditions\":[{\"field\":\"\",\"value\":\"\",\"operator\":\"\"}],\"condition_groups\":[{\"rules\":[{\"field\":\"encodage\",\"value\":\"Manuellement\",\"operator\":\"=\"}],\"title\":\"\",\"isEditingTitle\":false,\"isPreviewOpen\":false,\"isGroupOpen\":true}]}}}};\n                            <\/script>\n            <\/div>\n","protected":false},"excerpt":{"rendered":"<p>Devenirmembre Premium Vous souhaitez devenir membre de la SRFB et b\u00e9n\u00e9ficier de tous nos services y compris l&rsquo;assurance RC For\u00eat ? Remplir le formulaire Changerma cotisation Passer de la cotisation de base \u00e0 la premium plus rapidement Modifier ma cotisation actuelle<\/p>","protected":false},"author":18,"featured_media":0,"parent":5916,"menu_order":0,"comment_status":"closed","ping_status":"closed","template":"","meta":{"iawp_total_views":154,"footnotes":""},"category":[],"class_list":["post-32405","page","type-page","status-publish","hentry"],"_links":{"self":[{"href":"https:\/\/staging.srfb.be\/de\/wp-json\/wp\/v2\/pages\/32405","targetHints":{"allow":["GET"]}}],"collection":[{"href":"https:\/\/staging.srfb.be\/de\/wp-json\/wp\/v2\/pages"}],"about":[{"href":"https:\/\/staging.srfb.be\/de\/wp-json\/wp\/v2\/types\/page"}],"author":[{"embeddable":true,"href":"https:\/\/staging.srfb.be\/de\/wp-json\/wp\/v2\/users\/18"}],"replies":[{"embeddable":true,"href":"https:\/\/staging.srfb.be\/de\/wp-json\/wp\/v2\/comments?post=32405"}],"version-history":[{"count":0,"href":"https:\/\/staging.srfb.be\/de\/wp-json\/wp\/v2\/pages\/32405\/revisions"}],"up":[{"embeddable":true,"href":"https:\/\/staging.srfb.be\/de\/wp-json\/wp\/v2\/pages\/5916"}],"wp:attachment":[{"href":"https:\/\/staging.srfb.be\/de\/wp-json\/wp\/v2\/media?parent=32405"}],"wp:term":[{"taxonomy":"category","embeddable":true,"href":"https:\/\/staging.srfb.be\/de\/wp-json\/wp\/v2\/category?post=32405"}],"curies":[{"name":"wp","href":"https:\/\/api.w.org\/{rel}","templated":true}]}}