{"id":31954,"date":"2023-06-28T14:52:29","date_gmt":"2023-06-28T12:52:29","guid":{"rendered":"https:\/\/srfb.be\/?page_id=31954"},"modified":"2025-05-13T11:40:40","modified_gmt":"2025-05-13T09:40:40","slug":"le-jeu-de-la-photosynthese","status":"publish","type":"page","link":"https:\/\/staging.srfb.be\/de\/forest-friends\/ressources-pedagogiques\/fiches-dactivites\/le-jeu-de-la-photosynthese\/","title":{"rendered":"Das Spiel der Photosynthese"},"content":{"rendered":"<div class=\"wp-block-group is-layout-constrained wp-block-group-is-layout-constrained\" style=\"margin-top:var(--wp--preset--spacing--80);margin-bottom:var(--wp--preset--spacing--80)\">\n<p class=\"has-text-align-center has-small-font-size\"><em><em><em><\/em><\/em><\/em><\/p>\n\n\n\n<div class=\"wp-block-columns is-layout-flex wp-container-core-columns-is-layout-45c10ec9 wp-block-columns-is-layout-flex\" style=\"margin-top:var(--wp--preset--spacing--60);margin-bottom:var(--wp--preset--spacing--60)\">\n<div class=\"wp-block-column is-vertically-aligned-center is-layout-flow wp-block-column-is-layout-flow\">\n<div class=\"wp-block-group has-border-color has-vert-claire-color-border-color is-layout-constrained wp-container-core-group-is-layout-52009084 wp-block-group-is-layout-constrained\" style=\"border-radius:5px;padding-top:var(--wp--preset--spacing--40);padding-right:var(--wp--preset--spacing--40);padding-bottom:var(--wp--preset--spacing--40);padding-left:var(--wp--preset--spacing--40)\">\n<h4 class=\"wp-block-heading has-text-align-center has-vert-claire-color-color has-text-color has-link-color wp-elements-21c4c00bb71893695c3f3c4d8c50c153\" style=\"margin-top:0;margin-bottom:0\">Thema<\/h4>\n\n\n\n<p class=\"has-text-align-center\" style=\"margin-top:var(--wp--preset--spacing--40);margin-bottom:0\"><strong><strong>Wachstum eines Baumes, Photosynthese<\/strong><\/strong><\/p>\n<\/div>\n<\/div>\n\n\n\n<div class=\"wp-block-column is-vertically-aligned-center is-layout-flow wp-block-column-is-layout-flow\">\n<div class=\"wp-block-group has-border-color has-vert-claire-color-border-color is-layout-constrained wp-container-core-group-is-layout-52009084 wp-block-group-is-layout-constrained\" style=\"border-radius:5px;padding-top:var(--wp--preset--spacing--40);padding-right:var(--wp--preset--spacing--40);padding-bottom:var(--wp--preset--spacing--40);padding-left:var(--wp--preset--spacing--40)\">\n<h4 class=\"wp-block-heading has-text-align-center has-vert-claire-color-color has-text-color has-link-color wp-elements-aa45490ffe424d098764d11963e62a17\">Ebene<\/h4>\n\n\n\n<p class=\"has-text-align-center\" style=\"margin-top:var(--wp--preset--spacing--40);margin-bottom:0\"><strong><strong>10 bis 12 Jahre<\/strong><\/strong><\/p>\n<\/div>\n<\/div>\n<\/div>\n\n\n\n<div class=\"wp-block-columns is-layout-flex wp-container-core-columns-is-layout-eae17e81 wp-block-columns-is-layout-flex\" style=\"margin-top:var(--wp--preset--spacing--70);margin-bottom:var(--wp--preset--spacing--70)\">\n<div class=\"wp-block-column is-vertically-aligned-top is-layout-flow wp-block-column-is-layout-flow\" style=\"padding-right:0;padding-left:0\">\n<h2 class=\"wp-block-heading\">Ziele<\/h2>\n\n\n\n<ul class=\"wp-block-list\">\n<li>Spielerisch den Prozess der Photosynthese verstehen.<\/li>\n<\/ul>\n<\/div>\n\n\n\n<div class=\"wp-block-column is-vertically-aligned-top is-layout-flow wp-block-column-is-layout-flow\" style=\"border-right-color:var(--wp--preset--color--grey-color);border-right-width:3px;border-left-color:var(--wp--preset--color--grey-color);border-left-width:3px;padding-right:var(--wp--preset--spacing--40);padding-left:var(--wp--preset--spacing--40)\">\n<h2 class=\"wp-block-heading\">Umsetzung<\/h2>\n\n\n\n<p>CARAH asbl (Cellule For\u00eat Nature Environnement), Hout Info Bois asbl, K\u00f6nigliche Forstverein Belgiens, mit der p\u00e4dagogischen Unterst\u00fctzung und Mitgestaltung von Empreintes asbl und mit der Unterst\u00fctzung des Europ\u00e4ischen Fonds f\u00fcr Regionale Entwicklung (Interreg Va - For\u00eat Pro Bos).<\/p>\n<\/div>\n\n\n\n<div class=\"wp-block-column is-vertically-aligned-top is-layout-flow wp-block-column-is-layout-flow\">\n<h2 class=\"wp-block-heading\">Beschreibung<\/h2>\n\n\n\n<p>In Form eines \"Wolfsspiels\" l\u00e4sst die Aktivit\u00e4t die Teilnehmer den Mechanismus der Photosynthese erleben. Die Wurzeln und Bl\u00e4tter m\u00fcssen es schaffen, die f\u00fcr die Energie- und Zuckerproduktion notwendigen Ressourcen zu fangen: Wasser, Mineralsalze, Sonnenenergie, Kohlendioxid,... Eine Aktivit\u00e4t, um die Photosynthese auf spielerische Weise zu entdecken!<\/p>\n<\/div>\n<\/div>\n\n\n\n<div class=\"wp-block-buttons is-content-justification-center is-layout-flex wp-container-core-buttons-is-layout-c3d5205c wp-block-buttons-is-layout-flex\" style=\"margin-top:0;margin-bottom:0\">\n<div class=\"wp-block-button\"><a class=\"wp-block-button__link has-small-font-size has-custom-font-size wp-element-button\" href=\"https:\/\/staging.srfb.be\/wp-content\/uploads\/2023\/06\/animation-l-homme-et-la-foret_Activite-Annexe-7.pdf\" target=\"_blank\" rel=\"noreferrer noopener\"><i class='fas-solid fas-download' style='color: var(--wpem-primary-color); font-size: inherit;'><\/i> Herunterladen eines Aktivit\u00e4tsblattes<\/a><\/div>\n<\/div>\n\n\n\n<p class=\"has-text-align-center has-small-font-size\" style=\"margin-top:0;margin-bottom:0\">oder <strong>P\u00e4dagogisches Kit :<\/strong>\u00a0<a href=\"\/de\/forest-friends\/ressources-pedagogiques\/kits-pedagogiques\/#homme-et-foret\">Der Mensch und der Wald<\/a><\/p>\n<\/div>","protected":false},"excerpt":{"rendered":"<p>Th\u00e8me Croissance d\u2019un arbre, photosynth\u00e8se Niveau 10 \u00e0 12 ans Objectifs R\u00e9alisation CARAH asbl (Cellule For\u00eat Nature Environnement), Hout Info Bois asbl, Soci\u00e9t\u00e9 Royale Foresti\u00e8re de Belgique, avec le soutien p\u00e9dagogique et co-concepteur de Empreintes asbl et avec le soutien du Fond Europ\u00e9en de D\u00e9veloppement R\u00e9gional (Interreg Va \u2013 For\u00eat Pro Bos). Description Sous la [&hellip;]<\/p>\n","protected":false},"author":18,"featured_media":11724,"parent":11336,"menu_order":0,"comment_status":"closed","ping_status":"closed","template":"","meta":{"iawp_total_views":141,"footnotes":""},"category":[],"class_list":["post-31954","page","type-page","status-publish","has-post-thumbnail","hentry"],"_links":{"self":[{"href":"https:\/\/staging.srfb.be\/de\/wp-json\/wp\/v2\/pages\/31954","targetHints":{"allow":["GET"]}}],"collection":[{"href":"https:\/\/staging.srfb.be\/de\/wp-json\/wp\/v2\/pages"}],"about":[{"href":"https:\/\/staging.srfb.be\/de\/wp-json\/wp\/v2\/types\/page"}],"author":[{"embeddable":true,"href":"https:\/\/staging.srfb.be\/de\/wp-json\/wp\/v2\/users\/18"}],"replies":[{"embeddable":true,"href":"https:\/\/staging.srfb.be\/de\/wp-json\/wp\/v2\/comments?post=31954"}],"version-history":[{"count":0,"href":"https:\/\/staging.srfb.be\/de\/wp-json\/wp\/v2\/pages\/31954\/revisions"}],"up":[{"embeddable":true,"href":"https:\/\/staging.srfb.be\/de\/wp-json\/wp\/v2\/pages\/11336"}],"wp:featuredmedia":[{"embeddable":true,"href":"https:\/\/staging.srfb.be\/de\/wp-json\/wp\/v2\/media\/11724"}],"wp:attachment":[{"href":"https:\/\/staging.srfb.be\/de\/wp-json\/wp\/v2\/media?parent=31954"}],"wp:term":[{"taxonomy":"category","embeddable":true,"href":"https:\/\/staging.srfb.be\/de\/wp-json\/wp\/v2\/category?post=31954"}],"curies":[{"name":"wp","href":"https:\/\/api.w.org\/{rel}","templated":true}]}}