{"id":23101,"date":"2022-04-12T11:27:48","date_gmt":"2022-04-12T09:27:48","guid":{"rendered":"https:\/\/www.srfb.be\/?page_id=23101"},"modified":"2026-01-07T13:32:10","modified_gmt":"2026-01-07T12:32:10","slug":"raison-etre","status":"publish","type":"page","link":"https:\/\/staging.srfb.be\/de\/a-propos\/raison-etre\/","title":{"rendered":"Unsere Daseinsberechtigung"},"content":{"rendered":"<div class=\"wp-block-columns is-layout-flex wp-container-core-columns-is-layout-3e1d588b wp-block-columns-is-layout-flex\" style=\"margin-top:var(--wp--preset--spacing--70)\">\n<div class=\"wp-block-column is-layout-flow wp-block-column-is-layout-flow\" style=\"padding-top:50px;padding-right:50px;padding-bottom:50px;padding-left:50px\">\n<h2 class=\"wp-block-heading\">Was wir sind<\/h2>\n\n\n\n<h3 class=\"wp-block-heading\">Vision<\/h3>\n\n\n\n<p>Im Dienste des Waldes begleitet die K\u00f6niglich Belgische Forstgesellschaft die F\u00f6rster, damit sie den zuk\u00fcnftigen Generationen eine&nbsp;<a href=\"\/de\/foret-mosaique\/\">gesunder und multifunktionaler Wald<\/a>.<\/p>\n\n\n\n<h3 class=\"wp-block-heading\">Mission<\/h3>\n\n\n\n<p>Der KFVN f\u00f6rdert eine nachhaltige Forstwirtschaft durch die<a href=\"\/de\/informations-sur-les-forets\/\">Informationen<\/a>Die&nbsp;<a href=\"\/de\/formations-et-activites\/\">Ausbildung<\/a>&nbsp;und angepasste Dienstleistungen wie&nbsp;<a href=\"\/de\/assurances\/\">Versicherungen<\/a>Die&nbsp;<a href=\"\/de\/certification-pefc\/\">Zertifizierung<\/a>oder der&nbsp;<a href=\"\/de\/planter-un-arbre\/\">Unterst\u00fctzung der Wiederaufforstung<\/a>. Um dies zu erreichen, st\u00fctzt sie sich auf eine&nbsp;<strong>\u00fcber 125-j\u00e4hrige Expertise<\/strong>Die Sch\u00fclerinnen und Sch\u00fcler werden in der Lage sein, mithilfe eines ganzheitlichen Ansatzes und einer angepassten P\u00e4dagogik zu lernen.<\/p>\n\n\n\n<p>Parallel dazu entwickelte der KFVN eine Komponente von&nbsp;<strong>Sensibilisierung der breiten \u00d6ffentlichkeit<\/strong>&nbsp;und&nbsp;<strong>tr\u00e4gt zu verschiedenen Projekten der angewandten Forschung bei<\/strong>. Vorrangig auf seine Mitglieder ausgerichtet&nbsp;<em>(Waldbesitzer, Verwalter und Waldbegeisterte)<\/em>Im Rahmen seiner Aktionen f\u00f6rdert er den Erfahrungsaustausch und die Begegnung mit den verschiedenen Akteuren des Waldes.&nbsp;<strong>Sie bieten den F\u00f6rstern eine Vielfalt an Managementinstrumenten, damit sie ihre Entscheidungen frei treffen k\u00f6nnen<\/strong>.<\/p>\n\n\n<figure class=\"wp-block-post-featured-image\"><img loading=\"lazy\" decoding=\"async\" width=\"794\" height=\"457\" src=\"https:\/\/staging.srfb.be\/wp-content\/uploads\/2022\/04\/main-arbre.png\" class=\"attachment-post-thumbnail size-post-thumbnail wp-post-image\" alt=\"Main pos\u00e9e sur un arbre\" style=\"object-fit:cover;\" srcset=\"https:\/\/staging.srfb.be\/wp-content\/uploads\/2022\/04\/main-arbre.png 794w, https:\/\/staging.srfb.be\/wp-content\/uploads\/2022\/04\/main-arbre-600x345.png 600w, https:\/\/staging.srfb.be\/wp-content\/uploads\/2022\/04\/main-arbre-300x173.png 300w, https:\/\/staging.srfb.be\/wp-content\/uploads\/2022\/04\/main-arbre-18x10.png 18w\" sizes=\"auto, (max-width: 794px) 100vw, 794px\" \/><\/figure><\/div>\n\n\n\n<div class=\"wp-block-column has-white-color has-orange-color-background-color has-text-color has-background has-link-color wp-elements-7688f3387a253387c5848d54fa52471c is-layout-flow wp-block-column-is-layout-flow\" style=\"padding-top:50px;padding-right:50px;padding-bottom:50px;padding-left:50px\">\n<h2 class=\"wp-block-heading has-white-color has-text-color has-link-color wp-elements-41334a79dfb6d3c09c246a559123a2d8\">Unsere Werte<\/h2>\n\n\n\n<h3 class=\"wp-block-heading has-white-color has-text-color has-link-color wp-elements-5b04cf5c50fc8b64f7e29aa254b3aca9\">Know-how<\/h3>\n\n\n\n<p>Der KFVN setzt eine Reihe von Kompetenzen ein, um jede ihrer Aufgaben zu erf\u00fcllen. Dazu verf\u00fcgt sie \u00fcber eine&nbsp;<strong>ein praxisnahes Team, das sich st\u00e4ndig weiterbildet und von folgenden Vorteilen profitiert&nbsp;<\/strong><strong>Initiativgeist und Offenheit gegen\u00fcber Neuem<\/strong>. Sie kann daher effizient einen qualitativ hochwertigen Service anbieten.<\/p>\n\n\n\n<h3 class=\"wp-block-heading has-white-color has-text-color has-link-color wp-elements-7cfed9e54ea861fa4ca754880b4d19bb\">Geselligkeit<\/h3>\n\n\n\n<p>Der KFVN bevorzugt durch ihre Aktivit\u00e4ten die&nbsp;<strong>Erfahrungsaustausch<\/strong>. Sie organisiert Partnerschaften mit den Ansprechpartnern in ihrem T\u00e4tigkeitsbereich. Dies geschieht in einem&nbsp;<strong>Offenheit<\/strong>&nbsp;und der Verf\u00fcgbarkeit seines Teams, das n\u00fctzliche und leicht zug\u00e4ngliche Tools zur Verf\u00fcgung stellt.<\/p>\n\n\n\n<h3 class=\"wp-block-heading has-white-color has-text-color has-link-color wp-elements-1799b59c729f48b196c054d77d7f99ae\">Passion<\/h3>\n\n\n\n<p>Der KFVN durch ihr Team vermittelt ihre&nbsp;<strong>Leidenschaft f\u00fcr den Wald<\/strong>. Was auch immer das Thema ist, das KFVN-Team wird von Engagement und einem starken Interesse f\u00fcr den Wald angetrieben.<\/p>\n\n\n\n<h3 class=\"wp-block-heading has-white-color has-text-color has-link-color wp-elements-ac6940dd03beea5fd46a92efd28cd4a8\">K\u00fchnheit<\/h3>\n\n\n\n<p>Der KFVN traut sich was&nbsp;<strong>unternehmerisch t\u00e4tig zu sein und innovativ zu sein<\/strong>, die Regierung hat sich verpflichtet, die Waldbesitzer zu unterst\u00fctzen, sobald die Situation des Waldes und der F\u00f6rster dies erfordert. Sie hat die K\u00fchnheit&nbsp;<strong>Offenheit gegen\u00fcber verschiedenen Meinungen und Methoden<\/strong>. Sie setzt auf die Kraft der kollektiven Intelligenz und der Zusammenarbeit.<\/p>\n<\/div>\n<\/div>\n\n\n\n<div class=\"wp-block-group is-layout-constrained wp-block-group-is-layout-constrained\" style=\"margin-top:var(--wp--preset--spacing--80);margin-bottom:var(--wp--preset--spacing--80)\">\n<figure class=\"wp-block-image aligncenter size-large is-resized\"><img loading=\"lazy\" decoding=\"async\" width=\"1024\" height=\"299\" src=\"https:\/\/staging.srfb.be\/wp-content\/uploads\/2024\/03\/baseline_SRFB_NL_positif.png\" alt=\"Au service de la for\u00eat et des forestiers\" class=\"wp-image-35463\" style=\"width:500px\" srcset=\"https:\/\/staging.srfb.be\/wp-content\/uploads\/2024\/03\/baseline_SRFB_NL_positif.png 1959w, https:\/\/staging.srfb.be\/wp-content\/uploads\/2024\/03\/baseline_SRFB_NL_positif-600x156.png 600w, https:\/\/staging.srfb.be\/wp-content\/uploads\/2024\/03\/baseline_SRFB_NL_positif-300x78.png 300w, https:\/\/staging.srfb.be\/wp-content\/uploads\/2024\/03\/baseline_SRFB_NL_positif-1024x266.png 1024w, https:\/\/staging.srfb.be\/wp-content\/uploads\/2024\/03\/baseline_SRFB_NL_positif-18x5.png 18w\" sizes=\"auto, (max-width: 1024px) 100vw, 1024px\" \/><\/figure>\n<\/div>","protected":false},"excerpt":{"rendered":"<p>Ce que nous sommes Vision Au service de la for\u00eat, La Soci\u00e9t\u00e9 Royale Foresti\u00e8re de Belgique accompagne les forestiers pour qu\u2019ils transmettent aux g\u00e9n\u00e9rations futures une&nbsp;for\u00eat saine et multifonctionnelle. Mission La SRFB encourage une gestion foresti\u00e8re durable gr\u00e2ce \u00e0 l\u2019information, la&nbsp;formation&nbsp;et des services adapt\u00e9s tels que des&nbsp;assurances, la&nbsp;certification, ou le&nbsp;soutien au reboisement. Pour y arriver [&hellip;]<\/p>\n","protected":false},"author":18,"featured_media":23116,"parent":5856,"menu_order":0,"comment_status":"closed","ping_status":"closed","template":"","meta":{"iawp_total_views":159,"footnotes":""},"category":[],"class_list":["post-23101","page","type-page","status-publish","has-post-thumbnail","hentry"],"_links":{"self":[{"href":"https:\/\/staging.srfb.be\/de\/wp-json\/wp\/v2\/pages\/23101","targetHints":{"allow":["GET"]}}],"collection":[{"href":"https:\/\/staging.srfb.be\/de\/wp-json\/wp\/v2\/pages"}],"about":[{"href":"https:\/\/staging.srfb.be\/de\/wp-json\/wp\/v2\/types\/page"}],"author":[{"embeddable":true,"href":"https:\/\/staging.srfb.be\/de\/wp-json\/wp\/v2\/users\/18"}],"replies":[{"embeddable":true,"href":"https:\/\/staging.srfb.be\/de\/wp-json\/wp\/v2\/comments?post=23101"}],"version-history":[{"count":0,"href":"https:\/\/staging.srfb.be\/de\/wp-json\/wp\/v2\/pages\/23101\/revisions"}],"up":[{"embeddable":true,"href":"https:\/\/staging.srfb.be\/de\/wp-json\/wp\/v2\/pages\/5856"}],"wp:featuredmedia":[{"embeddable":true,"href":"https:\/\/staging.srfb.be\/de\/wp-json\/wp\/v2\/media\/23116"}],"wp:attachment":[{"href":"https:\/\/staging.srfb.be\/de\/wp-json\/wp\/v2\/media?parent=23101"}],"wp:term":[{"taxonomy":"category","embeddable":true,"href":"https:\/\/staging.srfb.be\/de\/wp-json\/wp\/v2\/category?post=23101"}],"curies":[{"name":"wp","href":"https:\/\/api.w.org\/{rel}","templated":true}]}}