{"id":12173,"date":"2020-04-28T19:49:11","date_gmt":"2020-04-28T19:49:11","guid":{"rendered":"https:\/\/new.srfb.be\/?page_id=12173"},"modified":"2024-11-12T16:30:07","modified_gmt":"2024-11-12T15:30:07","slug":"renouveler_ses_peuplements_forestiers","status":"publish","type":"page","link":"https:\/\/staging.srfb.be\/de\/formations-et-activites\/je-me-forme-pour-ma-foret\/ressources-educatives\/renouveler_ses_peuplements_forestiers\/","title":{"rendered":"Seine Waldbest\u00e4nde erneuern"},"content":{"rendered":"<div class=\"wp-block-group alignfull is-layout-constrained wp-block-group-is-layout-constrained\" style=\"margin-top:var(--wp--preset--spacing--80);margin-bottom:0\">\n<iframe style=\"width: 100%; height: 85vh; display: block; padding: 0; margin: 0; max-width: 100%;\" src=\"https:\/\/padlet.com\/embed\/9cu56207ap9oerpe\" frameborder=\"0\"><\/iframe>\n<\/div>","protected":false},"excerpt":{"rendered":"<p>D\u00e9velopper depuis l&rsquo;installation d&rsquo;une plantation et\/ou d&rsquo;une r\u00e9g\u00e9n\u00e9ration naturelle jusqu&rsquo;\u00e0 la fin de compression, les op\u00e9rations possibles et les m\u00e9canismes naturels en \u0153uvre dans un jeune peuplement forestier<\/p>","protected":false},"author":18,"featured_media":29431,"parent":35919,"menu_order":0,"comment_status":"closed","ping_status":"closed","template":"","meta":{"iawp_total_views":9,"footnotes":""},"category":[],"class_list":["post-12173","page","type-page","status-publish","has-post-thumbnail","hentry"],"_links":{"self":[{"href":"https:\/\/staging.srfb.be\/de\/wp-json\/wp\/v2\/pages\/12173","targetHints":{"allow":["GET"]}}],"collection":[{"href":"https:\/\/staging.srfb.be\/de\/wp-json\/wp\/v2\/pages"}],"about":[{"href":"https:\/\/staging.srfb.be\/de\/wp-json\/wp\/v2\/types\/page"}],"author":[{"embeddable":true,"href":"https:\/\/staging.srfb.be\/de\/wp-json\/wp\/v2\/users\/18"}],"replies":[{"embeddable":true,"href":"https:\/\/staging.srfb.be\/de\/wp-json\/wp\/v2\/comments?post=12173"}],"version-history":[{"count":0,"href":"https:\/\/staging.srfb.be\/de\/wp-json\/wp\/v2\/pages\/12173\/revisions"}],"up":[{"embeddable":true,"href":"https:\/\/staging.srfb.be\/de\/wp-json\/wp\/v2\/pages\/35919"}],"wp:featuredmedia":[{"embeddable":true,"href":"https:\/\/staging.srfb.be\/de\/wp-json\/wp\/v2\/media\/29431"}],"wp:attachment":[{"href":"https:\/\/staging.srfb.be\/de\/wp-json\/wp\/v2\/media?parent=12173"}],"wp:term":[{"taxonomy":"category","embeddable":true,"href":"https:\/\/staging.srfb.be\/de\/wp-json\/wp\/v2\/category?post=12173"}],"curies":[{"name":"wp","href":"https:\/\/api.w.org\/{rel}","templated":true}]}}