{"id":12069,"date":"2020-04-23T13:57:54","date_gmt":"2020-04-23T13:57:54","guid":{"rendered":"https:\/\/new.srfb.be\/?page_id=12069"},"modified":"2024-11-12T16:33:55","modified_gmt":"2024-11-12T15:33:55","slug":"diagnostiquer-les-stations-forestieres","status":"publish","type":"page","link":"https:\/\/staging.srfb.be\/de\/formations-et-activites\/je-me-forme-pour-ma-foret\/ressources-educatives\/diagnostiquer-les-stations-forestieres\/","title":{"rendered":"Diagnose von Waldstandorten"},"content":{"rendered":"<div class=\"wp-block-group alignfull is-layout-constrained wp-block-group-is-layout-constrained\" style=\"margin-top:var(--wp--preset--spacing--80);margin-bottom:0\">\n<iframe style=\"width: 100%; height: 85vh; display: block; padding: 0; margin: 0; max-width: 100%;\" src=\"https:\/\/padlet.com\/embed\/muyp4ymnebnmjpcu\" frameborder=\"0\"><\/iframe>\n<\/div>","protected":false},"excerpt":{"rendered":"<p>\u00catre capable d&rsquo;observer, d&rsquo;analyser et interpr\u00e9ter le relief, le climat local, le sol, la v\u00e9g\u00e9tation, la faune sauvage ; de croiser ces informations avec les cartes topographiques, pour choisir une essence adapt\u00e9e \u00e0 la station.<\/p>","protected":false},"author":18,"featured_media":12099,"parent":35919,"menu_order":0,"comment_status":"closed","ping_status":"closed","template":"","meta":{"iawp_total_views":2,"footnotes":""},"category":[],"class_list":["post-12069","page","type-page","status-publish","has-post-thumbnail","hentry"],"_links":{"self":[{"href":"https:\/\/staging.srfb.be\/de\/wp-json\/wp\/v2\/pages\/12069","targetHints":{"allow":["GET"]}}],"collection":[{"href":"https:\/\/staging.srfb.be\/de\/wp-json\/wp\/v2\/pages"}],"about":[{"href":"https:\/\/staging.srfb.be\/de\/wp-json\/wp\/v2\/types\/page"}],"author":[{"embeddable":true,"href":"https:\/\/staging.srfb.be\/de\/wp-json\/wp\/v2\/users\/18"}],"replies":[{"embeddable":true,"href":"https:\/\/staging.srfb.be\/de\/wp-json\/wp\/v2\/comments?post=12069"}],"version-history":[{"count":0,"href":"https:\/\/staging.srfb.be\/de\/wp-json\/wp\/v2\/pages\/12069\/revisions"}],"up":[{"embeddable":true,"href":"https:\/\/staging.srfb.be\/de\/wp-json\/wp\/v2\/pages\/35919"}],"wp:featuredmedia":[{"embeddable":true,"href":"https:\/\/staging.srfb.be\/de\/wp-json\/wp\/v2\/media\/12099"}],"wp:attachment":[{"href":"https:\/\/staging.srfb.be\/de\/wp-json\/wp\/v2\/media?parent=12069"}],"wp:term":[{"taxonomy":"category","embeddable":true,"href":"https:\/\/staging.srfb.be\/de\/wp-json\/wp\/v2\/category?post=12069"}],"curies":[{"name":"wp","href":"https:\/\/api.w.org\/{rel}","templated":true}]}}