{"id":11336,"date":"2020-04-03T11:14:00","date_gmt":"2020-04-03T09:14:00","guid":{"rendered":"https:\/\/new.srfb.be\/?page_id=11336"},"modified":"2024-10-29T15:12:44","modified_gmt":"2024-10-29T14:12:44","slug":"fiches-dactivites","status":"publish","type":"page","link":"https:\/\/staging.srfb.be\/de\/forest-friends\/ressources-pedagogiques\/fiches-dactivites\/","title":{"rendered":"Arbeitsbl\u00e4tter"},"content":{"rendered":"<div class=\"wp-block-group is-layout-constrained wp-block-group-is-layout-constrained\" style=\"margin-top:var(--wp--preset--spacing--80);margin-bottom:var(--wp--preset--spacing--80)\">\n<h4 class=\"wp-block-heading\">Hier finden Sie alle unsere Aktivit\u00e4tenbl\u00e4tter!<\/h4>\n\n\n\n<p>Forest Friends bietet Ihnen spielerische Aktivit\u00e4ten an, um den Wald und die B\u00e4ume zu entdecken. Die Aktivit\u00e4ten richten sich an verschiedene Altersgruppen. Sie behandeln eine breite Palette an Themen: B\u00e4ume, Holzwirtschaft, Waldbewohner, Landart,... Verschiedene Ans\u00e4tze werden Ihnen angeboten: spielerisch, wissenschaftlich, k\u00fcnstlerisch, kin\u00e4sthetisch,...<\/p>\n\n\n\n<p>Alle Aktivit\u00e4ten stammen aus p\u00e4dagogischen Dossiers, die kostenlos im Internet heruntergeladen werden k\u00f6nnen.<\/p>\n\n\n\n<div class=\"wp-block-buttons is-content-justification-center is-layout-flex wp-container-core-buttons-is-layout-a89b3969 wp-block-buttons-is-layout-flex\">\n<div class=\"wp-block-button\"><a class=\"wp-block-button__link wp-element-button\" href=\"https:\/\/staging.srfb.be\/de\/forest-friends\/ressources-pedagogiques\/kits-pedagogiques\/\"><i class='fas-solid fas-book-open-reader' style='color: var(--wpem-primary-color); font-size: inherit;'><\/i> P\u00e4dagogische Kits<\/a><\/div>\n\n\n\n<div class=\"wp-block-button\"><a class=\"wp-block-button__link wp-element-button\" href=\"https:\/\/staging.srfb.be\/de\/forest-friends\/services-et-activites\/enseignements-guides-et-animateurs\/\"><i class='fas-solid fas-graduation-cap' style='color: var(--wpem-primary-color); font-size: inherit;'><\/i> Ausbildung Lehrmittel<\/a><\/div>\n<\/div>\n\n\n\n<h5 class=\"wp-block-heading has-text-align-center\">Alle Aktivit\u00e4ten stammen aus p\u00e4dagogischen Dossiers, die kostenlos im Internet heruntergeladen werden k\u00f6nnen :<\/h5>\n\n\n\n<p class=\"has-text-align-center\"><em>Die neuen Unterrichtsbl\u00e4tter werden gerade erstellt<\/em><\/p>\n\n\n\n<div class=\"wp-block-query is-layout-flow wp-block-query-is-layout-flow\"><ul class=\"columns-2 wp-block-post-template is-layout-grid wp-container-core-post-template-is-layout-02493678 wp-block-post-template-is-layout-grid\"><li class=\"wp-block-post post-31958 page type-page status-publish has-post-thumbnail hentry\">\n<a href=\"https:\/\/staging.srfb.be\/de\/forest-friends\/ressources-pedagogiques\/fiches-dactivites\/qui-suis-je\/\"    class=\"wp-block-tiptip-hyperlink-group-block\" >\n<div class=\"wp-block-cover has-custom-content-position is-position-bottom-center\" style=\"padding-top:0;padding-right:0;padding-bottom:0;padding-left:0;min-height:300px;aspect-ratio:unset;\"><span aria-hidden=\"true\" class=\"wp-block-cover__background has-background-dim-0 has-background-dim\" style=\"background-color:#786d63\"><\/span><img loading=\"lazy\" decoding=\"async\" width=\"1700\" height=\"1275\" src=\"https:\/\/staging.srfb.be\/wp-content\/uploads\/2020\/04\/A.12-1-scaled.jpg\" class=\"wp-block-cover__image-background wp-post-image\" alt=\"Qui suis-je ?\" data-object-fit=\"cover\" srcset=\"https:\/\/staging.srfb.be\/wp-content\/uploads\/2020\/04\/A.12-1-scaled.jpg 1700w, https:\/\/staging.srfb.be\/wp-content\/uploads\/2020\/04\/A.12-1-scaled-600x450.jpg 600w, https:\/\/staging.srfb.be\/wp-content\/uploads\/2020\/04\/A.12-1-scaled-300x225.jpg 300w, https:\/\/staging.srfb.be\/wp-content\/uploads\/2020\/04\/A.12-1-scaled-1024x768.jpg 1024w, https:\/\/staging.srfb.be\/wp-content\/uploads\/2020\/04\/A.12-1-scaled-16x12.jpg 16w\" sizes=\"auto, (max-width: 1700px) 100vw, 1700px\" \/><div class=\"wp-block-cover__inner-container is-layout-flow wp-block-cover-is-layout-flow\">\n<div class=\"wp-block-group has-white-color has-text-color has-background has-link-color wp-elements-274e85926aa9bb56a7545f2fd04cd187 is-vertical is-content-justification-center is-layout-flex wp-container-core-group-is-layout-cf15fc7f wp-block-group-is-layout-flex\" style=\"background-color:#006341e8;padding-top:var(--wp--preset--spacing--60);padding-right:var(--wp--preset--spacing--60);padding-bottom:var(--wp--preset--spacing--60);padding-left:var(--wp--preset--spacing--60)\"><h2 style=\"text-decoration:none;\" class=\"has-text-align-center wp-block-post-title\">Wer bin ich?<\/h2><\/div>\n<\/div><\/div>\n<\/a>\n<\/li><li class=\"wp-block-post post-31956 page type-page status-publish has-post-thumbnail hentry\">\n<a href=\"https:\/\/staging.srfb.be\/de\/forest-friends\/ressources-pedagogiques\/fiches-dactivites\/vivants-a-tous-les-etages\/\"    class=\"wp-block-tiptip-hyperlink-group-block\" >\n<div class=\"wp-block-cover has-custom-content-position is-position-bottom-center\" style=\"padding-top:0;padding-right:0;padding-bottom:0;padding-left:0;min-height:300px;aspect-ratio:unset;\"><span aria-hidden=\"true\" class=\"wp-block-cover__background has-background-dim-0 has-background-dim\" style=\"background-color:#786d63\"><\/span><img loading=\"lazy\" decoding=\"async\" width=\"1700\" height=\"1275\" src=\"https:\/\/staging.srfb.be\/wp-content\/uploads\/2020\/04\/A.1.-scaled.jpg\" class=\"wp-block-cover__image-background wp-post-image\" alt=\"Vivants \u00e0 tous les \u00e9tages\" data-object-fit=\"cover\" srcset=\"https:\/\/staging.srfb.be\/wp-content\/uploads\/2020\/04\/A.1.-scaled.jpg 1700w, https:\/\/staging.srfb.be\/wp-content\/uploads\/2020\/04\/A.1.-scaled-600x450.jpg 600w, https:\/\/staging.srfb.be\/wp-content\/uploads\/2020\/04\/A.1.-scaled-300x225.jpg 300w, https:\/\/staging.srfb.be\/wp-content\/uploads\/2020\/04\/A.1.-scaled-1024x768.jpg 1024w, https:\/\/staging.srfb.be\/wp-content\/uploads\/2020\/04\/A.1.-scaled-16x12.jpg 16w\" sizes=\"auto, (max-width: 1700px) 100vw, 1700px\" \/><div class=\"wp-block-cover__inner-container is-layout-flow wp-block-cover-is-layout-flow\">\n<div class=\"wp-block-group has-white-color has-text-color has-background has-link-color wp-elements-274e85926aa9bb56a7545f2fd04cd187 is-vertical is-content-justification-center is-layout-flex wp-container-core-group-is-layout-cf15fc7f wp-block-group-is-layout-flex\" style=\"background-color:#006341e8;padding-top:var(--wp--preset--spacing--60);padding-right:var(--wp--preset--spacing--60);padding-bottom:var(--wp--preset--spacing--60);padding-left:var(--wp--preset--spacing--60)\"><h2 style=\"text-decoration:none;\" class=\"has-text-align-center wp-block-post-title\">Lebendiges auf allen Etagen<\/h2><\/div>\n<\/div><\/div>\n<\/a>\n<\/li><li class=\"wp-block-post post-31954 page type-page status-publish has-post-thumbnail hentry\">\n<a href=\"https:\/\/staging.srfb.be\/de\/forest-friends\/ressources-pedagogiques\/fiches-dactivites\/le-jeu-de-la-photosynthese\/\"    class=\"wp-block-tiptip-hyperlink-group-block\" >\n<div class=\"wp-block-cover has-custom-content-position is-position-bottom-center\" style=\"padding-top:0;padding-right:0;padding-bottom:0;padding-left:0;min-height:300px;aspect-ratio:unset;\"><span aria-hidden=\"true\" class=\"wp-block-cover__background has-background-dim-0 has-background-dim\" style=\"background-color:#786d63\"><\/span><img loading=\"lazy\" decoding=\"async\" width=\"1700\" height=\"1275\" src=\"https:\/\/staging.srfb.be\/wp-content\/uploads\/2020\/04\/A.5-2-scaled.jpg\" class=\"wp-block-cover__image-background wp-post-image\" alt=\"Jeu de la photosynth\u00e8se\" data-object-fit=\"cover\" srcset=\"https:\/\/staging.srfb.be\/wp-content\/uploads\/2020\/04\/A.5-2-scaled.jpg 1700w, https:\/\/staging.srfb.be\/wp-content\/uploads\/2020\/04\/A.5-2-scaled-600x450.jpg 600w, https:\/\/staging.srfb.be\/wp-content\/uploads\/2020\/04\/A.5-2-scaled-300x225.jpg 300w, https:\/\/staging.srfb.be\/wp-content\/uploads\/2020\/04\/A.5-2-scaled-1024x768.jpg 1024w, https:\/\/staging.srfb.be\/wp-content\/uploads\/2020\/04\/A.5-2-scaled-16x12.jpg 16w\" sizes=\"auto, (max-width: 1700px) 100vw, 1700px\" \/><div class=\"wp-block-cover__inner-container is-layout-flow wp-block-cover-is-layout-flow\">\n<div class=\"wp-block-group has-white-color has-text-color has-background has-link-color wp-elements-274e85926aa9bb56a7545f2fd04cd187 is-vertical is-content-justification-center is-layout-flex wp-container-core-group-is-layout-cf15fc7f wp-block-group-is-layout-flex\" style=\"background-color:#006341e8;padding-top:var(--wp--preset--spacing--60);padding-right:var(--wp--preset--spacing--60);padding-bottom:var(--wp--preset--spacing--60);padding-left:var(--wp--preset--spacing--60)\"><h2 style=\"text-decoration:none;\" class=\"has-text-align-center wp-block-post-title\">Das Spiel der Photosynthese<\/h2><\/div>\n<\/div><\/div>\n<\/a>\n<\/li><li class=\"wp-block-post post-31938 page type-page status-publish has-post-thumbnail hentry\">\n<a href=\"https:\/\/staging.srfb.be\/de\/forest-friends\/ressources-pedagogiques\/fiches-dactivites\/avis-de-recherche\/\"    class=\"wp-block-tiptip-hyperlink-group-block\" >\n<div class=\"wp-block-cover has-custom-content-position is-position-bottom-center\" style=\"padding-top:0;padding-right:0;padding-bottom:0;padding-left:0;min-height:300px;aspect-ratio:unset;\"><span aria-hidden=\"true\" class=\"wp-block-cover__background has-background-dim-0 has-background-dim\" style=\"background-color:#786d63\"><\/span><img loading=\"lazy\" decoding=\"async\" width=\"1700\" height=\"1275\" src=\"https:\/\/staging.srfb.be\/wp-content\/uploads\/2020\/04\/A.8-1-1-scaled.jpg\" class=\"wp-block-cover__image-background wp-post-image\" alt=\"Avis de recherche\" data-object-fit=\"cover\" srcset=\"https:\/\/staging.srfb.be\/wp-content\/uploads\/2020\/04\/A.8-1-1-scaled.jpg 1700w, https:\/\/staging.srfb.be\/wp-content\/uploads\/2020\/04\/A.8-1-1-scaled-600x450.jpg 600w, https:\/\/staging.srfb.be\/wp-content\/uploads\/2020\/04\/A.8-1-1-scaled-300x225.jpg 300w, https:\/\/staging.srfb.be\/wp-content\/uploads\/2020\/04\/A.8-1-1-scaled-1024x768.jpg 1024w, https:\/\/staging.srfb.be\/wp-content\/uploads\/2020\/04\/A.8-1-1-scaled-16x12.jpg 16w\" sizes=\"auto, (max-width: 1700px) 100vw, 1700px\" \/><div class=\"wp-block-cover__inner-container is-layout-flow wp-block-cover-is-layout-flow\">\n<div class=\"wp-block-group has-white-color has-text-color has-background has-link-color wp-elements-274e85926aa9bb56a7545f2fd04cd187 is-vertical is-content-justification-center is-layout-flex wp-container-core-group-is-layout-cf15fc7f wp-block-group-is-layout-flex\" style=\"background-color:#006341e8;padding-top:var(--wp--preset--spacing--60);padding-right:var(--wp--preset--spacing--60);padding-bottom:var(--wp--preset--spacing--60);padding-left:var(--wp--preset--spacing--60)\"><h2 style=\"text-decoration:none;\" class=\"has-text-align-center wp-block-post-title\">Suchmeldung<\/h2><\/div>\n<\/div><\/div>\n<\/a>\n<\/li><li class=\"wp-block-post post-31914 page type-page status-publish has-post-thumbnail hentry\">\n<a href=\"https:\/\/staging.srfb.be\/de\/forest-friends\/ressources-pedagogiques\/fiches-dactivites\/arbragym\/\"    class=\"wp-block-tiptip-hyperlink-group-block\" >\n<div class=\"wp-block-cover has-custom-content-position is-position-bottom-center\" style=\"padding-top:0;padding-right:0;padding-bottom:0;padding-left:0;min-height:300px;aspect-ratio:unset;\"><span aria-hidden=\"true\" class=\"wp-block-cover__background has-background-dim-0 has-background-dim\" style=\"background-color:#786d63\"><\/span><img loading=\"lazy\" decoding=\"async\" width=\"1700\" height=\"1415\" src=\"https:\/\/staging.srfb.be\/wp-content\/uploads\/2020\/04\/C.4-2-scaled.jpg\" class=\"wp-block-cover__image-background wp-post-image\" alt=\"Abragym\" data-object-fit=\"cover\" srcset=\"https:\/\/staging.srfb.be\/wp-content\/uploads\/2020\/04\/C.4-2-scaled.jpg 1700w, https:\/\/staging.srfb.be\/wp-content\/uploads\/2020\/04\/C.4-2-scaled-600x499.jpg 600w, https:\/\/staging.srfb.be\/wp-content\/uploads\/2020\/04\/C.4-2-scaled-300x250.jpg 300w, https:\/\/staging.srfb.be\/wp-content\/uploads\/2020\/04\/C.4-2-scaled-1024x852.jpg 1024w, https:\/\/staging.srfb.be\/wp-content\/uploads\/2020\/04\/C.4-2-scaled-14x12.jpg 14w\" sizes=\"auto, (max-width: 1700px) 100vw, 1700px\" \/><div class=\"wp-block-cover__inner-container is-layout-flow wp-block-cover-is-layout-flow\">\n<div class=\"wp-block-group has-white-color has-text-color has-background has-link-color wp-elements-274e85926aa9bb56a7545f2fd04cd187 is-vertical is-content-justification-center is-layout-flex wp-container-core-group-is-layout-cf15fc7f wp-block-group-is-layout-flex\" style=\"background-color:#006341e8;padding-top:var(--wp--preset--spacing--60);padding-right:var(--wp--preset--spacing--60);padding-bottom:var(--wp--preset--spacing--60);padding-left:var(--wp--preset--spacing--60)\"><h2 style=\"text-decoration:none;\" class=\"has-text-align-center wp-block-post-title\">Arbragym<\/h2><\/div>\n<\/div><\/div>\n<\/a>\n<\/li><\/ul>\n\n\n\n<\/div>\n<\/div>","protected":false},"excerpt":{"rendered":"<p>Retrouvez ici toutes nos fiches activit\u00e9s ! Forest Friends vous propose des activit\u00e9s ludiques pour d\u00e9couvrir la for\u00eat et les arbres. Les activit\u00e9s s\u2019adressent \u00e0 diff\u00e9rentes tranches d\u2019\u00e2ge. Elles abordent une large palette de th\u00e9matique : arbre, fili\u00e8re bois, habitants de la for\u00eat, landart,\u2026Diff\u00e9rentes approches vous sont propos\u00e9es : ludique, scientifique, artistique, kinesth\u00e9sique,\u2026 Toutes les [&hellip;]<\/p>\n","protected":false},"author":18,"featured_media":11347,"parent":31277,"menu_order":0,"comment_status":"closed","ping_status":"closed","template":"","meta":{"iawp_total_views":51,"footnotes":""},"category":[],"class_list":["post-11336","page","type-page","status-publish","has-post-thumbnail","hentry"],"_links":{"self":[{"href":"https:\/\/staging.srfb.be\/de\/wp-json\/wp\/v2\/pages\/11336","targetHints":{"allow":["GET"]}}],"collection":[{"href":"https:\/\/staging.srfb.be\/de\/wp-json\/wp\/v2\/pages"}],"about":[{"href":"https:\/\/staging.srfb.be\/de\/wp-json\/wp\/v2\/types\/page"}],"author":[{"embeddable":true,"href":"https:\/\/staging.srfb.be\/de\/wp-json\/wp\/v2\/users\/18"}],"replies":[{"embeddable":true,"href":"https:\/\/staging.srfb.be\/de\/wp-json\/wp\/v2\/comments?post=11336"}],"version-history":[{"count":0,"href":"https:\/\/staging.srfb.be\/de\/wp-json\/wp\/v2\/pages\/11336\/revisions"}],"up":[{"embeddable":true,"href":"https:\/\/staging.srfb.be\/de\/wp-json\/wp\/v2\/pages\/31277"}],"wp:featuredmedia":[{"embeddable":true,"href":"https:\/\/staging.srfb.be\/de\/wp-json\/wp\/v2\/media\/11347"}],"wp:attachment":[{"href":"https:\/\/staging.srfb.be\/de\/wp-json\/wp\/v2\/media?parent=11336"}],"wp:term":[{"taxonomy":"category","embeddable":true,"href":"https:\/\/staging.srfb.be\/de\/wp-json\/wp\/v2\/category?post=11336"}],"curies":[{"name":"wp","href":"https:\/\/api.w.org\/{rel}","templated":true}]}}